{"id":3440,"date":"2026-01-30T21:35:34","date_gmt":"2026-01-30T20:35:34","guid":{"rendered":"https:\/\/foliesenbaie.fr\/?page_id=3440"},"modified":"2026-04-23T23:32:04","modified_gmt":"2026-04-23T21:32:04","slug":"benabar","status":"publish","type":"page","link":"https:\/\/foliesenbaie.fr\/index.php\/benabar\/","title":{"rendered":"BENABAR"},"content":{"rendered":"\t\t<div data-elementor-type=\"wp-page\" data-elementor-id=\"3440\" class=\"elementor elementor-3440\">\n\t\t\t\t\t\t<section class=\"elementor-section elementor-top-section elementor-element elementor-element-294435a9 elementor-section-boxed elementor-section-height-default elementor-section-height-default\" data-id=\"294435a9\" data-element_type=\"section\">\n\t\t\t\t\t\t<div class=\"elementor-container elementor-column-gap-default\">\n\t\t\t\t\t<div class=\"elementor-column elementor-col-100 elementor-top-column elementor-element elementor-element-792cfd4f\" data-id=\"792cfd4f\" data-element_type=\"column\">\n\t\t\t<div class=\"elementor-widget-wrap elementor-element-populated\">\n\t\t\t\t\t\t<div class=\"elementor-element elementor-element-394389b7 elementor-widget elementor-widget-heading\" data-id=\"394389b7\" data-element_type=\"widget\" data-widget_type=\"heading.default\">\n\t\t\t\t<div class=\"elementor-widget-container\">\n\t\t\t\t\t<h1 class=\"elementor-heading-title elementor-size-default\">B\u00c9NABAR<\/h1>\t\t\t\t<\/div>\n\t\t\t\t<\/div>\n\t\t\t\t\t<\/div>\n\t\t<\/div>\n\t\t\t\t\t<\/div>\n\t\t<\/section>\n\t\t\t\t<section class=\"elementor-section elementor-top-section elementor-element elementor-element-12b57354 elementor-section-boxed elementor-section-height-default elementor-section-height-default\" data-id=\"12b57354\" data-element_type=\"section\">\n\t\t\t\t\t\t<div class=\"elementor-container elementor-column-gap-default\">\n\t\t\t\t\t<div class=\"elementor-column elementor-col-100 elementor-top-column elementor-element elementor-element-6a15d36e\" data-id=\"6a15d36e\" data-element_type=\"column\">\n\t\t\t<div class=\"elementor-widget-wrap elementor-element-populated\">\n\t\t\t\t\t\t<div class=\"elementor-element elementor-element-1398ae74 elementor-widget elementor-widget-text-editor\" data-id=\"1398ae74\" data-element_type=\"widget\" data-widget_type=\"text-editor.default\">\n\t\t\t\t<div class=\"elementor-widget-container\">\n\t\t\t\t\t\t\t\t\t<p>DIMANCHE 2 AO\u00dbT<\/p>\t\t\t\t\t\t\t\t<\/div>\n\t\t\t\t<\/div>\n\t\t\t\t\t<\/div>\n\t\t<\/div>\n\t\t\t\t\t<\/div>\n\t\t<\/section>\n\t\t\t\t<section class=\"elementor-section elementor-top-section elementor-element elementor-element-2d65a796 elementor-section-boxed elementor-section-height-default elementor-section-height-default\" data-id=\"2d65a796\" data-element_type=\"section\">\n\t\t\t\t\t\t<div class=\"elementor-container elementor-column-gap-default\">\n\t\t\t\t\t<div class=\"elementor-column elementor-col-50 elementor-top-column elementor-element elementor-element-1e724fbf\" data-id=\"1e724fbf\" data-element_type=\"column\">\n\t\t\t<div class=\"elementor-widget-wrap elementor-element-populated\">\n\t\t\t\t\t\t<div class=\"elementor-element elementor-element-4b07dfeb elementor-widget__width-initial elementor-widget elementor-widget-image\" data-id=\"4b07dfeb\" data-element_type=\"widget\" data-widget_type=\"image.default\">\n\t\t\t\t<div class=\"elementor-widget-container\">\n\t\t\t\t\t\t\t\t\t\t\t\t\t\t\t<img fetchpriority=\"high\" decoding=\"async\" width=\"300\" height=\"300\" src=\"https:\/\/foliesenbaie.fr\/wp-content\/uploads\/2026\/01\/7-300x300.png\" class=\"attachment-medium size-medium wp-image-3342\" alt=\"\" srcset=\"https:\/\/foliesenbaie.fr\/wp-content\/uploads\/2026\/01\/7-300x300.png 300w, https:\/\/foliesenbaie.fr\/wp-content\/uploads\/2026\/01\/7-1024x1024.png 1024w, https:\/\/foliesenbaie.fr\/wp-content\/uploads\/2026\/01\/7-150x150.png 150w, https:\/\/foliesenbaie.fr\/wp-content\/uploads\/2026\/01\/7-768x768.png 768w, https:\/\/foliesenbaie.fr\/wp-content\/uploads\/2026\/01\/7-600x600.png 600w, https:\/\/foliesenbaie.fr\/wp-content\/uploads\/2026\/01\/7-100x100.png 100w, https:\/\/foliesenbaie.fr\/wp-content\/uploads\/2026\/01\/7.png 1080w\" sizes=\"(max-width: 300px) 100vw, 300px\" \/>\t\t\t\t\t\t\t\t\t\t\t\t\t\t\t<\/div>\n\t\t\t\t<\/div>\n\t\t\t\t\t<\/div>\n\t\t<\/div>\n\t\t\t\t<div class=\"elementor-column elementor-col-50 elementor-top-column elementor-element elementor-element-1a69d0e4\" data-id=\"1a69d0e4\" data-element_type=\"column\">\n\t\t\t<div class=\"elementor-widget-wrap elementor-element-populated\">\n\t\t\t\t\t\t<div class=\"elementor-element elementor-element-59ce56b3 elementor-widget__width-auto elementor-widget elementor-widget-text-editor\" data-id=\"59ce56b3\" data-element_type=\"widget\" data-widget_type=\"text-editor.default\">\n\t\t\t\t<div class=\"elementor-widget-container\">\n\t\t\t\t\t\t\t\t\t<p>CHANSON FRANCAISE &#8211; SCENE LA BARGE &#8211; 17:15 \u00e0 18:30<\/p>\t\t\t\t\t\t\t\t<\/div>\n\t\t\t\t<\/div>\n\t\t\t\t<div class=\"elementor-element elementor-element-7b0707f1 elementor-widget elementor-widget-text-editor\" data-id=\"7b0707f1\" data-element_type=\"widget\" data-widget_type=\"text-editor.default\">\n\t\t\t\t<div class=\"elementor-widget-container\">\n\t\t\t\t\t\t\t\t\t<p data-start=\"132\" data-end=\"345\"><em><strong>B\u00e9nabar incarne la chanson fran\u00e7aise populaire et narrative, entre humour, \u00e9motion et chroniques du quotidien.<\/strong><\/em><\/p><p data-start=\"132\" data-end=\"345\">Auteur-compositeur-interpr\u00e8te \u00e0 la plume malicieuse et au regard tendre sur nos vies ordinaires, il s\u2019est impos\u00e9 depuis plus de 25 ans comme l\u2019un des artistes les plus populaires de la chanson fran\u00e7aise.<\/p><p data-start=\"347\" data-end=\"555\">\u00c0 l\u2019occasion de la <strong data-start=\"366\" data-end=\"399\">20\u1d49 \u00e9dition de Folies en Baie<\/strong>, il viendra partager un concert entre classiques incontournables et nouveaux titres, dans un moment \u00e0 la fois chaleureux, populaire et profond\u00e9ment humain.<\/p>\t\t\t\t\t\t\t\t<\/div>\n\t\t\t\t<\/div>\n\t\t\t\t<section class=\"elementor-section elementor-inner-section elementor-element elementor-element-5a888916 elementor-section-boxed elementor-section-height-default elementor-section-height-default\" data-id=\"5a888916\" data-element_type=\"section\">\n\t\t\t\t\t\t<div class=\"elementor-container elementor-column-gap-default\">\n\t\t\t\t\t<div class=\"elementor-column elementor-col-50 elementor-inner-column elementor-element elementor-element-115ba232\" data-id=\"115ba232\" data-element_type=\"column\">\n\t\t\t<div class=\"elementor-widget-wrap elementor-element-populated\">\n\t\t\t\t\t\t<div class=\"elementor-element elementor-element-61e90091 elementor-widget__width-initial elementor-widget elementor-widget-video\" data-id=\"61e90091\" data-element_type=\"widget\" data-settings=\"{&quot;youtube_url&quot;:&quot;https:\\\/\\\/youtu.be\\\/FtfDYPbHpsE?si=lN3DOx5OfdZfrNdx&quot;,&quot;video_type&quot;:&quot;youtube&quot;,&quot;controls&quot;:&quot;yes&quot;}\" data-widget_type=\"video.default\">\n\t\t\t\t<div class=\"elementor-widget-container\">\n\t\t\t\t\t\t\t<div class=\"elementor-wrapper elementor-open-inline\">\n\t\t\t<div class=\"elementor-video\"><\/div>\t\t<\/div>\n\t\t\t\t\t\t<\/div>\n\t\t\t\t<\/div>\n\t\t\t\t\t<\/div>\n\t\t<\/div>\n\t\t\t\t<div class=\"elementor-column elementor-col-50 elementor-inner-column elementor-element elementor-element-3503d67e\" data-id=\"3503d67e\" data-element_type=\"column\">\n\t\t\t<div class=\"elementor-widget-wrap elementor-element-populated\">\n\t\t\t\t\t\t<div class=\"elementor-element elementor-element-6bd050eb elementor-widget__width-initial elementor-widget elementor-widget-button\" data-id=\"6bd050eb\" data-element_type=\"widget\" data-widget_type=\"button.default\">\n\t\t\t\t<div class=\"elementor-widget-container\">\n\t\t\t\t\t\t\t\t\t<div class=\"elementor-button-wrapper\">\n\t\t\t\t\t<a class=\"elementor-button elementor-button-link elementor-size-sm\" href=\"https:\/\/www.instagram.com\/benabar\">\n\t\t\t\t\t\t<span class=\"elementor-button-content-wrapper\">\n\t\t\t\t\t\t<span class=\"elementor-button-icon\">\n\t\t\t\t<i aria-hidden=\"true\" class=\"fab fa-instagram\"><\/i>\t\t\t<\/span>\n\t\t\t\t\t\t\t\t<\/span>\n\t\t\t\t\t<\/a>\n\t\t\t\t<\/div>\n\t\t\t\t\t\t\t\t<\/div>\n\t\t\t\t<\/div>\n\t\t\t\t<div class=\"elementor-element elementor-element-63b3bb7c elementor-widget__width-initial elementor-widget elementor-widget-button\" data-id=\"63b3bb7c\" data-element_type=\"widget\" data-widget_type=\"button.default\">\n\t\t\t\t<div class=\"elementor-widget-container\">\n\t\t\t\t\t\t\t\t\t<div class=\"elementor-button-wrapper\">\n\t\t\t\t\t<a class=\"elementor-button elementor-button-link elementor-size-sm\" href=\"http:\/\/facebook.com\/Benabarofficiel\">\n\t\t\t\t\t\t<span class=\"elementor-button-content-wrapper\">\n\t\t\t\t\t\t<span class=\"elementor-button-icon\">\n\t\t\t\t<i aria-hidden=\"true\" class=\"fab fa-facebook\"><\/i>\t\t\t<\/span>\n\t\t\t\t\t\t\t\t<\/span>\n\t\t\t\t\t<\/a>\n\t\t\t\t<\/div>\n\t\t\t\t\t\t\t\t<\/div>\n\t\t\t\t<\/div>\n\t\t\t\t<div class=\"elementor-element elementor-element-4839e18a elementor-widget__width-initial elementor-widget elementor-widget-button\" data-id=\"4839e18a\" data-element_type=\"widget\" data-widget_type=\"button.default\">\n\t\t\t\t<div class=\"elementor-widget-container\">\n\t\t\t\t\t\t\t\t\t<div class=\"elementor-button-wrapper\">\n\t\t\t\t\t<a class=\"elementor-button elementor-button-link elementor-size-sm\" href=\"http:\/\/www.youtube.com\/@benabarofficiel\">\n\t\t\t\t\t\t<span class=\"elementor-button-content-wrapper\">\n\t\t\t\t\t\t<span class=\"elementor-button-icon\">\n\t\t\t\t<i aria-hidden=\"true\" class=\"fab fa-youtube\"><\/i>\t\t\t<\/span>\n\t\t\t\t\t\t\t\t<\/span>\n\t\t\t\t\t<\/a>\n\t\t\t\t<\/div>\n\t\t\t\t\t\t\t\t<\/div>\n\t\t\t\t<\/div>\n\t\t\t\t<div class=\"elementor-element elementor-element-2facfd0d elementor-widget__width-initial elementor-widget elementor-widget-button\" data-id=\"2facfd0d\" data-element_type=\"widget\" data-widget_type=\"button.default\">\n\t\t\t\t<div class=\"elementor-widget-container\">\n\t\t\t\t\t\t\t\t\t<div class=\"elementor-button-wrapper\">\n\t\t\t\t\t<a class=\"elementor-button elementor-button-link elementor-size-sm\" href=\"http:\/\/benabar.com\">\n\t\t\t\t\t\t<span class=\"elementor-button-content-wrapper\">\n\t\t\t\t\t\t<span class=\"elementor-button-icon\">\n\t\t\t\t<i aria-hidden=\"true\" class=\"fas fa-laptop\"><\/i>\t\t\t<\/span>\n\t\t\t\t\t\t\t\t<\/span>\n\t\t\t\t\t<\/a>\n\t\t\t\t<\/div>\n\t\t\t\t\t\t\t\t<\/div>\n\t\t\t\t<\/div>\n\t\t\t\t<div class=\"elementor-element elementor-element-475ac5f7 elementor-widget__width-initial elementor-widget elementor-widget-button\" data-id=\"475ac5f7\" data-element_type=\"widget\" data-widget_type=\"button.default\">\n\t\t\t\t<div class=\"elementor-widget-container\">\n\t\t\t\t\t\t\t\t\t<div class=\"elementor-button-wrapper\">\n\t\t\t\t\t<a class=\"elementor-button elementor-button-link elementor-size-sm\" href=\"http:\/\/twitter.com\/benabar_\">\n\t\t\t\t\t\t<span class=\"elementor-button-content-wrapper\">\n\t\t\t\t\t\t<span class=\"elementor-button-icon\">\n\t\t\t\t<i aria-hidden=\"true\" class=\"fab fa-twitter\"><\/i>\t\t\t<\/span>\n\t\t\t\t\t\t\t\t<\/span>\n\t\t\t\t\t<\/a>\n\t\t\t\t<\/div>\n\t\t\t\t\t\t\t\t<\/div>\n\t\t\t\t<\/div>\n\t\t\t\t\t<\/div>\n\t\t<\/div>\n\t\t\t\t\t<\/div>\n\t\t<\/section>\n\t\t\t\t\t<\/div>\n\t\t<\/div>\n\t\t\t\t\t<\/div>\n\t\t<\/section>\n\t\t\t\t<section class=\"elementor-section elementor-top-section elementor-element elementor-element-4455fc21 elementor-section-boxed elementor-section-height-default elementor-section-height-default\" data-id=\"4455fc21\" data-element_type=\"section\">\n\t\t\t\t\t\t<div class=\"elementor-container elementor-column-gap-default\">\n\t\t\t\t\t<div class=\"elementor-column elementor-col-100 elementor-top-column elementor-element elementor-element-4b4f1c22\" data-id=\"4b4f1c22\" data-element_type=\"column\">\n\t\t\t<div class=\"elementor-widget-wrap elementor-element-populated\">\n\t\t\t\t\t\t<div class=\"elementor-element elementor-element-7fbdf847 elementor-align-center elementor-widget elementor-widget-button\" data-id=\"7fbdf847\" data-element_type=\"widget\" data-widget_type=\"button.default\">\n\t\t\t\t<div class=\"elementor-widget-container\">\n\t\t\t\t\t\t\t\t\t<div class=\"elementor-button-wrapper\">\n\t\t\t\t\t<a class=\"elementor-button elementor-button-link elementor-size-sm\" href=\"https:\/\/foliesenbaie.fr\/index.php\/programmation-2026-2\/\">\n\t\t\t\t\t\t<span class=\"elementor-button-content-wrapper\">\n\t\t\t\t\t\t\t\t\t<span class=\"elementor-button-text\">REVENIR A LA LISTE<\/span>\n\t\t\t\t\t<\/span>\n\t\t\t\t\t<\/a>\n\t\t\t\t<\/div>\n\t\t\t\t\t\t\t\t<\/div>\n\t\t\t\t<\/div>\n\t\t\t\t\t<\/div>\n\t\t<\/div>\n\t\t\t\t\t<\/div>\n\t\t<\/section>\n\t\t\t\t<\/div>\n\t\t","protected":false},"excerpt":{"rendered":"<p>B\u00c9NABAR DIMANCHE 2 AO\u00dbT CHANSON FRANCAISE &#8211; SCENE LA BARGE &#8211; 17:15 \u00e0 18:30 B\u00e9nabar incarne la chanson fran\u00e7aise populaire et narrative, entre humour, \u00e9motion et chroniques du quotidien. Auteur-compositeur-interpr\u00e8te \u00e0 la plume malicieuse et au regard tendre sur nos vies ordinaires, il s\u2019est impos\u00e9 depuis plus de 25 ans comme l\u2019un des artistes les [&hellip;]<\/p>\n","protected":false},"author":1,"featured_media":0,"parent":0,"menu_order":0,"comment_status":"closed","ping_status":"closed","template":"","meta":{"om_disable_all_campaigns":false,"_monsterinsights_skip_tracking":false,"_monsterinsights_sitenote_active":false,"_monsterinsights_sitenote_note":"","_monsterinsights_sitenote_category":0,"_uf_show_specific_survey":0,"_uf_disable_surveys":false,"ocean_post_layout":"","ocean_both_sidebars_style":"","ocean_both_sidebars_content_width":0,"ocean_both_sidebars_sidebars_width":0,"ocean_sidebar":"","ocean_second_sidebar":"","ocean_disable_margins":"enable","ocean_add_body_class":"","ocean_shortcode_before_top_bar":"","ocean_shortcode_after_top_bar":"","ocean_shortcode_before_header":"","ocean_shortcode_after_header":"","ocean_has_shortcode":"","ocean_shortcode_after_title":"","ocean_shortcode_before_footer_widgets":"","ocean_shortcode_after_footer_widgets":"","ocean_shortcode_before_footer_bottom":"","ocean_shortcode_after_footer_bottom":"","ocean_display_top_bar":"default","ocean_display_header":"default","ocean_header_style":"","ocean_center_header_left_menu":"","ocean_custom_header_template":"","ocean_custom_logo":0,"ocean_custom_retina_logo":0,"ocean_custom_logo_max_width":0,"ocean_custom_logo_tablet_max_width":0,"ocean_custom_logo_mobile_max_width":0,"ocean_custom_logo_max_height":0,"ocean_custom_logo_tablet_max_height":0,"ocean_custom_logo_mobile_max_height":0,"ocean_header_custom_menu":"","ocean_menu_typo_font_family":"","ocean_menu_typo_font_subset":"","ocean_menu_typo_font_size":0,"ocean_menu_typo_font_size_tablet":0,"ocean_menu_typo_font_size_mobile":0,"ocean_menu_typo_font_size_unit":"px","ocean_menu_typo_font_weight":"","ocean_menu_typo_font_weight_tablet":"","ocean_menu_typo_font_weight_mobile":"","ocean_menu_typo_transform":"","ocean_menu_typo_transform_tablet":"","ocean_menu_typo_transform_mobile":"","ocean_menu_typo_line_height":0,"ocean_menu_typo_line_height_tablet":0,"ocean_menu_typo_line_height_mobile":0,"ocean_menu_typo_line_height_unit":"","ocean_menu_typo_spacing":0,"ocean_menu_typo_spacing_tablet":0,"ocean_menu_typo_spacing_mobile":0,"ocean_menu_typo_spacing_unit":"","ocean_menu_link_color":"","ocean_menu_link_color_hover":"","ocean_menu_link_color_active":"","ocean_menu_link_background":"","ocean_menu_link_hover_background":"","ocean_menu_link_active_background":"","ocean_menu_social_links_bg":"","ocean_menu_social_hover_links_bg":"","ocean_menu_social_links_color":"","ocean_menu_social_hover_links_color":"","ocean_disable_title":"default","ocean_disable_heading":"default","ocean_post_title":"","ocean_post_subheading":"","ocean_post_title_style":"","ocean_post_title_background_color":"","ocean_post_title_background":0,"ocean_post_title_bg_image_position":"","ocean_post_title_bg_image_attachment":"","ocean_post_title_bg_image_repeat":"","ocean_post_title_bg_image_size":"","ocean_post_title_height":0,"ocean_post_title_bg_overlay":0.5,"ocean_post_title_bg_overlay_color":"","ocean_disable_breadcrumbs":"default","ocean_breadcrumbs_color":"","ocean_breadcrumbs_separator_color":"","ocean_breadcrumbs_links_color":"","ocean_breadcrumbs_links_hover_color":"","ocean_display_footer_widgets":"default","ocean_display_footer_bottom":"default","ocean_custom_footer_template":"","footnotes":""},"class_list":["post-3440","page","type-page","status-publish","hentry","entry","owp-thumbs-layout-horizontal","owp-btn-normal","owp-tabs-layout-horizontal","has-no-thumbnails","has-product-nav"],"yoast_head":"<!-- This site is optimized with the Yoast SEO plugin v26.4 - https:\/\/yoast.com\/wordpress\/plugins\/seo\/ -->\n<title>BENABAR - FESTIVAL FOLIES EN BAIE<\/title>\n<meta name=\"robots\" content=\"index, follow, max-snippet:-1, max-image-preview:large, max-video-preview:-1\" \/>\n<link rel=\"canonical\" href=\"https:\/\/foliesenbaie.fr\/index.php\/benabar\/\" \/>\n<meta property=\"og:locale\" content=\"fr_FR\" \/>\n<meta property=\"og:type\" content=\"article\" \/>\n<meta property=\"og:title\" content=\"BENABAR - FESTIVAL FOLIES EN BAIE\" \/>\n<meta property=\"og:description\" content=\"B\u00c9NABAR DIMANCHE 2 AO\u00dbT CHANSON FRANCAISE &#8211; SCENE LA BARGE &#8211; 17:15 \u00e0 18:30 B\u00e9nabar incarne la chanson fran\u00e7aise populaire et narrative, entre humour, \u00e9motion et chroniques du quotidien. Auteur-compositeur-interpr\u00e8te \u00e0 la plume malicieuse et au regard tendre sur nos vies ordinaires, il s\u2019est impos\u00e9 depuis plus de 25 ans comme l\u2019un des artistes les [&hellip;]\" \/>\n<meta property=\"og:url\" content=\"https:\/\/foliesenbaie.fr\/index.php\/benabar\/\" \/>\n<meta property=\"og:site_name\" content=\"FESTIVAL FOLIES EN BAIE\" \/>\n<meta property=\"article:publisher\" content=\"https:\/\/www.facebook.com\/foliesenbaie\/?locale=fr_FR\" \/>\n<meta property=\"article:modified_time\" content=\"2026-04-23T21:32:04+00:00\" \/>\n<meta property=\"og:image\" content=\"https:\/\/foliesenbaie.fr\/wp-content\/uploads\/2026\/01\/7.png\" \/>\n\t<meta property=\"og:image:width\" content=\"1080\" \/>\n\t<meta property=\"og:image:height\" content=\"1080\" \/>\n\t<meta property=\"og:image:type\" content=\"image\/png\" \/>\n<meta name=\"twitter:card\" content=\"summary_large_image\" \/>\n<meta name=\"twitter:label1\" content=\"Dur\u00e9e de lecture estim\u00e9e\" \/>\n\t<meta name=\"twitter:data1\" content=\"1 minute\" \/>\n<script type=\"application\/ld+json\" class=\"yoast-schema-graph\">{\"@context\":\"https:\/\/schema.org\",\"@graph\":[{\"@type\":\"WebPage\",\"@id\":\"https:\/\/foliesenbaie.fr\/index.php\/benabar\/\",\"url\":\"https:\/\/foliesenbaie.fr\/index.php\/benabar\/\",\"name\":\"BENABAR - FESTIVAL FOLIES EN BAIE\",\"isPartOf\":{\"@id\":\"https:\/\/foliesenbaie.fr\/#website\"},\"primaryImageOfPage\":{\"@id\":\"https:\/\/foliesenbaie.fr\/index.php\/benabar\/#primaryimage\"},\"image\":{\"@id\":\"https:\/\/foliesenbaie.fr\/index.php\/benabar\/#primaryimage\"},\"thumbnailUrl\":\"https:\/\/foliesenbaie.fr\/wp-content\/uploads\/2026\/01\/7-300x300.png\",\"datePublished\":\"2026-01-30T20:35:34+00:00\",\"dateModified\":\"2026-04-23T21:32:04+00:00\",\"breadcrumb\":{\"@id\":\"https:\/\/foliesenbaie.fr\/index.php\/benabar\/#breadcrumb\"},\"inLanguage\":\"fr-FR\",\"potentialAction\":[{\"@type\":\"ReadAction\",\"target\":[\"https:\/\/foliesenbaie.fr\/index.php\/benabar\/\"]}]},{\"@type\":\"ImageObject\",\"inLanguage\":\"fr-FR\",\"@id\":\"https:\/\/foliesenbaie.fr\/index.php\/benabar\/#primaryimage\",\"url\":\"https:\/\/foliesenbaie.fr\/wp-content\/uploads\/2026\/01\/7.png\",\"contentUrl\":\"https:\/\/foliesenbaie.fr\/wp-content\/uploads\/2026\/01\/7.png\",\"width\":1080,\"height\":1080},{\"@type\":\"BreadcrumbList\",\"@id\":\"https:\/\/foliesenbaie.fr\/index.php\/benabar\/#breadcrumb\",\"itemListElement\":[{\"@type\":\"ListItem\",\"position\":1,\"name\":\"Accueil\",\"item\":\"https:\/\/foliesenbaie.fr\/\"},{\"@type\":\"ListItem\",\"position\":2,\"name\":\"BENABAR\"}]},{\"@type\":\"WebSite\",\"@id\":\"https:\/\/foliesenbaie.fr\/#website\",\"url\":\"https:\/\/foliesenbaie.fr\/\",\"name\":\"FESTIVAL FOLIES EN BAIE\",\"description\":\"\",\"publisher\":{\"@id\":\"https:\/\/foliesenbaie.fr\/#organization\"},\"potentialAction\":[{\"@type\":\"SearchAction\",\"target\":{\"@type\":\"EntryPoint\",\"urlTemplate\":\"https:\/\/foliesenbaie.fr\/?s={search_term_string}\"},\"query-input\":{\"@type\":\"PropertyValueSpecification\",\"valueRequired\":true,\"valueName\":\"search_term_string\"}}],\"inLanguage\":\"fr-FR\"},{\"@type\":\"Organization\",\"@id\":\"https:\/\/foliesenbaie.fr\/#organization\",\"name\":\"FESTIVAL FOLIES EN BAIE\",\"url\":\"https:\/\/foliesenbaie.fr\/\",\"logo\":{\"@type\":\"ImageObject\",\"inLanguage\":\"fr-FR\",\"@id\":\"https:\/\/foliesenbaie.fr\/#\/schema\/logo\/image\/\",\"url\":\"https:\/\/foliestest.foliesenbaie.fr\/foliesenzacomf22\/wp-content\/uploads\/2023\/05\/logos-37-1.png\",\"contentUrl\":\"https:\/\/foliestest.foliesenbaie.fr\/foliesenzacomf22\/wp-content\/uploads\/2023\/05\/logos-37-1.png\",\"width\":1080,\"height\":1080,\"caption\":\"FESTIVAL FOLIES EN BAIE\"},\"image\":{\"@id\":\"https:\/\/foliesenbaie.fr\/#\/schema\/logo\/image\/\"},\"sameAs\":[\"https:\/\/www.facebook.com\/foliesenbaie\/?locale=fr_FR\",\"https:\/\/www.instagram.com\/foliesenbaie\/\"]}]}<\/script>\n<!-- \/ Yoast SEO plugin. -->","yoast_head_json":{"title":"BENABAR - FESTIVAL FOLIES EN BAIE","robots":{"index":"index","follow":"follow","max-snippet":"max-snippet:-1","max-image-preview":"max-image-preview:large","max-video-preview":"max-video-preview:-1"},"canonical":"https:\/\/foliesenbaie.fr\/index.php\/benabar\/","og_locale":"fr_FR","og_type":"article","og_title":"BENABAR - FESTIVAL FOLIES EN BAIE","og_description":"B\u00c9NABAR DIMANCHE 2 AO\u00dbT CHANSON FRANCAISE &#8211; SCENE LA BARGE &#8211; 17:15 \u00e0 18:30 B\u00e9nabar incarne la chanson fran\u00e7aise populaire et narrative, entre humour, \u00e9motion et chroniques du quotidien. Auteur-compositeur-interpr\u00e8te \u00e0 la plume malicieuse et au regard tendre sur nos vies ordinaires, il s\u2019est impos\u00e9 depuis plus de 25 ans comme l\u2019un des artistes les [&hellip;]","og_url":"https:\/\/foliesenbaie.fr\/index.php\/benabar\/","og_site_name":"FESTIVAL FOLIES EN BAIE","article_publisher":"https:\/\/www.facebook.com\/foliesenbaie\/?locale=fr_FR","article_modified_time":"2026-04-23T21:32:04+00:00","og_image":[{"width":1080,"height":1080,"url":"https:\/\/foliesenbaie.fr\/wp-content\/uploads\/2026\/01\/7.png","type":"image\/png"}],"twitter_card":"summary_large_image","twitter_misc":{"Dur\u00e9e de lecture estim\u00e9e":"1 minute"},"schema":{"@context":"https:\/\/schema.org","@graph":[{"@type":"WebPage","@id":"https:\/\/foliesenbaie.fr\/index.php\/benabar\/","url":"https:\/\/foliesenbaie.fr\/index.php\/benabar\/","name":"BENABAR - FESTIVAL FOLIES EN BAIE","isPartOf":{"@id":"https:\/\/foliesenbaie.fr\/#website"},"primaryImageOfPage":{"@id":"https:\/\/foliesenbaie.fr\/index.php\/benabar\/#primaryimage"},"image":{"@id":"https:\/\/foliesenbaie.fr\/index.php\/benabar\/#primaryimage"},"thumbnailUrl":"https:\/\/foliesenbaie.fr\/wp-content\/uploads\/2026\/01\/7-300x300.png","datePublished":"2026-01-30T20:35:34+00:00","dateModified":"2026-04-23T21:32:04+00:00","breadcrumb":{"@id":"https:\/\/foliesenbaie.fr\/index.php\/benabar\/#breadcrumb"},"inLanguage":"fr-FR","potentialAction":[{"@type":"ReadAction","target":["https:\/\/foliesenbaie.fr\/index.php\/benabar\/"]}]},{"@type":"ImageObject","inLanguage":"fr-FR","@id":"https:\/\/foliesenbaie.fr\/index.php\/benabar\/#primaryimage","url":"https:\/\/foliesenbaie.fr\/wp-content\/uploads\/2026\/01\/7.png","contentUrl":"https:\/\/foliesenbaie.fr\/wp-content\/uploads\/2026\/01\/7.png","width":1080,"height":1080},{"@type":"BreadcrumbList","@id":"https:\/\/foliesenbaie.fr\/index.php\/benabar\/#breadcrumb","itemListElement":[{"@type":"ListItem","position":1,"name":"Accueil","item":"https:\/\/foliesenbaie.fr\/"},{"@type":"ListItem","position":2,"name":"BENABAR"}]},{"@type":"WebSite","@id":"https:\/\/foliesenbaie.fr\/#website","url":"https:\/\/foliesenbaie.fr\/","name":"FESTIVAL FOLIES EN BAIE","description":"","publisher":{"@id":"https:\/\/foliesenbaie.fr\/#organization"},"potentialAction":[{"@type":"SearchAction","target":{"@type":"EntryPoint","urlTemplate":"https:\/\/foliesenbaie.fr\/?s={search_term_string}"},"query-input":{"@type":"PropertyValueSpecification","valueRequired":true,"valueName":"search_term_string"}}],"inLanguage":"fr-FR"},{"@type":"Organization","@id":"https:\/\/foliesenbaie.fr\/#organization","name":"FESTIVAL FOLIES EN BAIE","url":"https:\/\/foliesenbaie.fr\/","logo":{"@type":"ImageObject","inLanguage":"fr-FR","@id":"https:\/\/foliesenbaie.fr\/#\/schema\/logo\/image\/","url":"https:\/\/foliestest.foliesenbaie.fr\/foliesenzacomf22\/wp-content\/uploads\/2023\/05\/logos-37-1.png","contentUrl":"https:\/\/foliestest.foliesenbaie.fr\/foliesenzacomf22\/wp-content\/uploads\/2023\/05\/logos-37-1.png","width":1080,"height":1080,"caption":"FESTIVAL FOLIES EN BAIE"},"image":{"@id":"https:\/\/foliesenbaie.fr\/#\/schema\/logo\/image\/"},"sameAs":["https:\/\/www.facebook.com\/foliesenbaie\/?locale=fr_FR","https:\/\/www.instagram.com\/foliesenbaie\/"]}]}},"_links":{"self":[{"href":"https:\/\/foliesenbaie.fr\/index.php\/wp-json\/wp\/v2\/pages\/3440","targetHints":{"allow":["GET"]}}],"collection":[{"href":"https:\/\/foliesenbaie.fr\/index.php\/wp-json\/wp\/v2\/pages"}],"about":[{"href":"https:\/\/foliesenbaie.fr\/index.php\/wp-json\/wp\/v2\/types\/page"}],"author":[{"embeddable":true,"href":"https:\/\/foliesenbaie.fr\/index.php\/wp-json\/wp\/v2\/users\/1"}],"replies":[{"embeddable":true,"href":"https:\/\/foliesenbaie.fr\/index.php\/wp-json\/wp\/v2\/comments?post=3440"}],"version-history":[{"count":10,"href":"https:\/\/foliesenbaie.fr\/index.php\/wp-json\/wp\/v2\/pages\/3440\/revisions"}],"predecessor-version":[{"id":3804,"href":"https:\/\/foliesenbaie.fr\/index.php\/wp-json\/wp\/v2\/pages\/3440\/revisions\/3804"}],"wp:attachment":[{"href":"https:\/\/foliesenbaie.fr\/index.php\/wp-json\/wp\/v2\/media?parent=3440"}],"curies":[{"name":"wp","href":"https:\/\/api.w.org\/{rel}","templated":true}]}}