{"id":3460,"date":"2026-01-30T21:38:54","date_gmt":"2026-01-30T20:38:54","guid":{"rendered":"https:\/\/foliesenbaie.fr\/?page_id=3460"},"modified":"2026-04-23T22:35:13","modified_gmt":"2026-04-23T20:35:13","slug":"les-innocents","status":"publish","type":"page","link":"https:\/\/foliesenbaie.fr\/index.php\/les-innocents\/","title":{"rendered":"LES INNOCENTS"},"content":{"rendered":"\t\t<div data-elementor-type=\"wp-page\" data-elementor-id=\"3460\" class=\"elementor elementor-3460\">\n\t\t\t\t\t\t<section class=\"elementor-section elementor-top-section elementor-element elementor-element-a6cc9c3 elementor-section-boxed elementor-section-height-default elementor-section-height-default\" data-id=\"a6cc9c3\" data-element_type=\"section\">\n\t\t\t\t\t\t<div class=\"elementor-container elementor-column-gap-default\">\n\t\t\t\t\t<div class=\"elementor-column elementor-col-100 elementor-top-column elementor-element elementor-element-582eb150\" data-id=\"582eb150\" data-element_type=\"column\">\n\t\t\t<div class=\"elementor-widget-wrap elementor-element-populated\">\n\t\t\t\t\t\t<div class=\"elementor-element elementor-element-478a4499 elementor-widget elementor-widget-heading\" data-id=\"478a4499\" data-element_type=\"widget\" data-widget_type=\"heading.default\">\n\t\t\t\t<div class=\"elementor-widget-container\">\n\t\t\t\t\t<h1 class=\"elementor-heading-title elementor-size-default\">LES INNOCENTS<\/h1>\t\t\t\t<\/div>\n\t\t\t\t<\/div>\n\t\t\t\t\t<\/div>\n\t\t<\/div>\n\t\t\t\t\t<\/div>\n\t\t<\/section>\n\t\t\t\t<section class=\"elementor-section elementor-top-section elementor-element elementor-element-7b93c110 elementor-section-boxed elementor-section-height-default elementor-section-height-default\" data-id=\"7b93c110\" data-element_type=\"section\">\n\t\t\t\t\t\t<div class=\"elementor-container elementor-column-gap-default\">\n\t\t\t\t\t<div class=\"elementor-column elementor-col-100 elementor-top-column elementor-element elementor-element-7705fc3b\" data-id=\"7705fc3b\" data-element_type=\"column\">\n\t\t\t<div class=\"elementor-widget-wrap elementor-element-populated\">\n\t\t\t\t\t\t<div class=\"elementor-element elementor-element-3ae5a3ad elementor-widget elementor-widget-text-editor\" data-id=\"3ae5a3ad\" data-element_type=\"widget\" data-widget_type=\"text-editor.default\">\n\t\t\t\t<div class=\"elementor-widget-container\">\n\t\t\t\t\t\t\t\t\t<p>VENDREDI 31 JUILLET<\/p>\t\t\t\t\t\t\t\t<\/div>\n\t\t\t\t<\/div>\n\t\t\t\t\t<\/div>\n\t\t<\/div>\n\t\t\t\t\t<\/div>\n\t\t<\/section>\n\t\t\t\t<section class=\"elementor-section elementor-top-section elementor-element elementor-element-51a565ff elementor-section-boxed elementor-section-height-default elementor-section-height-default\" data-id=\"51a565ff\" data-element_type=\"section\">\n\t\t\t\t\t\t<div class=\"elementor-container elementor-column-gap-default\">\n\t\t\t\t\t<div class=\"elementor-column elementor-col-50 elementor-top-column elementor-element elementor-element-d86ce2\" data-id=\"d86ce2\" data-element_type=\"column\">\n\t\t\t<div class=\"elementor-widget-wrap elementor-element-populated\">\n\t\t\t\t\t\t<div class=\"elementor-element elementor-element-1aa2a289 elementor-widget__width-initial elementor-widget elementor-widget-image\" data-id=\"1aa2a289\" data-element_type=\"widget\" data-widget_type=\"image.default\">\n\t\t\t\t<div class=\"elementor-widget-container\">\n\t\t\t\t\t\t\t\t\t\t\t\t\t\t\t<img fetchpriority=\"high\" decoding=\"async\" width=\"300\" height=\"300\" src=\"https:\/\/foliesenbaie.fr\/wp-content\/uploads\/2026\/01\/2-300x300.png\" class=\"attachment-medium size-medium wp-image-3337\" alt=\"\" srcset=\"https:\/\/foliesenbaie.fr\/wp-content\/uploads\/2026\/01\/2-300x300.png 300w, https:\/\/foliesenbaie.fr\/wp-content\/uploads\/2026\/01\/2-1024x1024.png 1024w, https:\/\/foliesenbaie.fr\/wp-content\/uploads\/2026\/01\/2-150x150.png 150w, https:\/\/foliesenbaie.fr\/wp-content\/uploads\/2026\/01\/2-768x768.png 768w, https:\/\/foliesenbaie.fr\/wp-content\/uploads\/2026\/01\/2-600x600.png 600w, https:\/\/foliesenbaie.fr\/wp-content\/uploads\/2026\/01\/2-100x100.png 100w, https:\/\/foliesenbaie.fr\/wp-content\/uploads\/2026\/01\/2.png 1080w\" sizes=\"(max-width: 300px) 100vw, 300px\" \/>\t\t\t\t\t\t\t\t\t\t\t\t\t\t\t<\/div>\n\t\t\t\t<\/div>\n\t\t\t\t\t<\/div>\n\t\t<\/div>\n\t\t\t\t<div class=\"elementor-column elementor-col-50 elementor-top-column elementor-element elementor-element-71f0ad3b\" data-id=\"71f0ad3b\" data-element_type=\"column\">\n\t\t\t<div class=\"elementor-widget-wrap elementor-element-populated\">\n\t\t\t\t\t\t<div class=\"elementor-element elementor-element-18950909 elementor-widget__width-auto elementor-widget elementor-widget-text-editor\" data-id=\"18950909\" data-element_type=\"widget\" data-widget_type=\"text-editor.default\">\n\t\t\t\t<div class=\"elementor-widget-container\">\n\t\t\t\t\t\t\t\t\t<p>POP FRANCAIS &#8211; SCENE LA BARGE &#8211; 19:45 \u00e0 21:00<\/p>\t\t\t\t\t\t\t\t<\/div>\n\t\t\t\t<\/div>\n\t\t\t\t<div class=\"elementor-element elementor-element-766bb61a elementor-widget elementor-widget-text-editor\" data-id=\"766bb61a\" data-element_type=\"widget\" data-widget_type=\"text-editor.default\">\n\t\t\t\t<div class=\"elementor-widget-container\">\n\t\t\t\t\t\t\t\t\t<p data-start=\"163\" data-end=\"435\">Figure majeure de la pop fran\u00e7aise des ann\u00e9es 80 et 90, Les Innocents ont marqu\u00e9 durablement le paysage musical par l\u2019\u00e9l\u00e9gance de leurs m\u00e9lodies et la finesse de leur \u00e9criture, conciliant exigence artistique et succ\u00e8s populaire.<\/p><p data-start=\"437\" data-end=\"723\">Apr\u00e8s avoir raviv\u00e9 leur complicit\u00e9 au fil de projets salu\u00e9s par la critique, Jip\u00e9 Nataf et Jean-Chr\u00e9tien Urbain poursuivent l\u2019aventure sur sc\u00e8ne.<\/p><p data-start=\"437\" data-end=\"723\">\u00c0 l\u2019occasion de <strong data-start=\"601\" data-end=\"619\">Folies en Baie<\/strong>, ils viendront faire r\u00e9sonner un r\u00e9pertoire intemporel, empreint de po\u00e9sie, de nostalgie et de lumi\u00e8re.<\/p>\t\t\t\t\t\t\t\t<\/div>\n\t\t\t\t<\/div>\n\t\t\t\t<section class=\"elementor-section elementor-inner-section elementor-element elementor-element-53615a06 elementor-section-boxed elementor-section-height-default elementor-section-height-default\" data-id=\"53615a06\" data-element_type=\"section\">\n\t\t\t\t\t\t<div class=\"elementor-container elementor-column-gap-default\">\n\t\t\t\t\t<div class=\"elementor-column elementor-col-50 elementor-inner-column elementor-element elementor-element-7e1a5fbd\" data-id=\"7e1a5fbd\" data-element_type=\"column\">\n\t\t\t<div class=\"elementor-widget-wrap elementor-element-populated\">\n\t\t\t\t\t\t<div class=\"elementor-element elementor-element-f1bb92c elementor-widget__width-initial elementor-widget elementor-widget-video\" data-id=\"f1bb92c\" data-element_type=\"widget\" data-settings=\"{&quot;youtube_url&quot;:&quot;https:\\\/\\\/youtu.be\\\/E-DEyIYaogA?si=CwJTyfnIW9Vo_jxX&quot;,&quot;video_type&quot;:&quot;youtube&quot;,&quot;controls&quot;:&quot;yes&quot;}\" data-widget_type=\"video.default\">\n\t\t\t\t<div class=\"elementor-widget-container\">\n\t\t\t\t\t\t\t<div class=\"elementor-wrapper elementor-open-inline\">\n\t\t\t<div class=\"elementor-video\"><\/div>\t\t<\/div>\n\t\t\t\t\t\t<\/div>\n\t\t\t\t<\/div>\n\t\t\t\t\t<\/div>\n\t\t<\/div>\n\t\t\t\t<div class=\"elementor-column elementor-col-50 elementor-inner-column elementor-element elementor-element-7cb5a0c9\" data-id=\"7cb5a0c9\" data-element_type=\"column\">\n\t\t\t<div class=\"elementor-widget-wrap elementor-element-populated\">\n\t\t\t\t\t\t<div class=\"elementor-element elementor-element-4c8ef7c3 elementor-widget__width-initial elementor-widget elementor-widget-button\" data-id=\"4c8ef7c3\" data-element_type=\"widget\" data-widget_type=\"button.default\">\n\t\t\t\t<div class=\"elementor-widget-container\">\n\t\t\t\t\t\t\t\t\t<div class=\"elementor-button-wrapper\">\n\t\t\t\t\t<a class=\"elementor-button elementor-button-link elementor-size-sm\" href=\"https:\/\/www.instagram.com\/Lesinnocentsofficiel\/\">\n\t\t\t\t\t\t<span class=\"elementor-button-content-wrapper\">\n\t\t\t\t\t\t<span class=\"elementor-button-icon\">\n\t\t\t\t<i aria-hidden=\"true\" class=\"fab fa-instagram\"><\/i>\t\t\t<\/span>\n\t\t\t\t\t\t\t\t<\/span>\n\t\t\t\t\t<\/a>\n\t\t\t\t<\/div>\n\t\t\t\t\t\t\t\t<\/div>\n\t\t\t\t<\/div>\n\t\t\t\t<div class=\"elementor-element elementor-element-7c294dba elementor-widget__width-initial elementor-widget elementor-widget-button\" data-id=\"7c294dba\" data-element_type=\"widget\" data-widget_type=\"button.default\">\n\t\t\t\t<div class=\"elementor-widget-container\">\n\t\t\t\t\t\t\t\t\t<div class=\"elementor-button-wrapper\">\n\t\t\t\t\t<a class=\"elementor-button elementor-button-link elementor-size-sm\" href=\"http:\/\/facebook.com\/lesinnocentsofficiel\">\n\t\t\t\t\t\t<span class=\"elementor-button-content-wrapper\">\n\t\t\t\t\t\t<span class=\"elementor-button-icon\">\n\t\t\t\t<i aria-hidden=\"true\" class=\"fab fa-facebook\"><\/i>\t\t\t<\/span>\n\t\t\t\t\t\t\t\t<\/span>\n\t\t\t\t\t<\/a>\n\t\t\t\t<\/div>\n\t\t\t\t\t\t\t\t<\/div>\n\t\t\t\t<\/div>\n\t\t\t\t<div class=\"elementor-element elementor-element-4ebbf621 elementor-widget__width-initial elementor-widget elementor-widget-button\" data-id=\"4ebbf621\" data-element_type=\"widget\" data-widget_type=\"button.default\">\n\t\t\t\t<div class=\"elementor-widget-container\">\n\t\t\t\t\t\t\t\t\t<div class=\"elementor-button-wrapper\">\n\t\t\t\t\t<a class=\"elementor-button elementor-button-link elementor-size-sm\" href=\"http:\/\/www.youtube.com\/@LesInnocentsofficiel\">\n\t\t\t\t\t\t<span class=\"elementor-button-content-wrapper\">\n\t\t\t\t\t\t<span class=\"elementor-button-icon\">\n\t\t\t\t<i aria-hidden=\"true\" class=\"fab fa-youtube\"><\/i>\t\t\t<\/span>\n\t\t\t\t\t\t\t\t<\/span>\n\t\t\t\t\t<\/a>\n\t\t\t\t<\/div>\n\t\t\t\t\t\t\t\t<\/div>\n\t\t\t\t<\/div>\n\t\t\t\t<div class=\"elementor-element elementor-element-7c86c449 elementor-widget__width-initial elementor-widget elementor-widget-button\" data-id=\"7c86c449\" data-element_type=\"widget\" data-widget_type=\"button.default\">\n\t\t\t\t<div class=\"elementor-widget-container\">\n\t\t\t\t\t\t\t\t\t<div class=\"elementor-button-wrapper\">\n\t\t\t\t\t<a class=\"elementor-button elementor-button-link elementor-size-sm\" href=\"https:\/\/www.lesinnocents.fr\/\">\n\t\t\t\t\t\t<span class=\"elementor-button-content-wrapper\">\n\t\t\t\t\t\t<span class=\"elementor-button-icon\">\n\t\t\t\t<i aria-hidden=\"true\" class=\"fas fa-laptop\"><\/i>\t\t\t<\/span>\n\t\t\t\t\t\t\t\t<\/span>\n\t\t\t\t\t<\/a>\n\t\t\t\t<\/div>\n\t\t\t\t\t\t\t\t<\/div>\n\t\t\t\t<\/div>\n\t\t\t\t\t<\/div>\n\t\t<\/div>\n\t\t\t\t\t<\/div>\n\t\t<\/section>\n\t\t\t\t\t<\/div>\n\t\t<\/div>\n\t\t\t\t\t<\/div>\n\t\t<\/section>\n\t\t\t\t<section class=\"elementor-section elementor-top-section elementor-element elementor-element-c4b8314 elementor-section-boxed elementor-section-height-default elementor-section-height-default\" data-id=\"c4b8314\" data-element_type=\"section\">\n\t\t\t\t\t\t<div class=\"elementor-container elementor-column-gap-default\">\n\t\t\t\t\t<div class=\"elementor-column elementor-col-100 elementor-top-column elementor-element elementor-element-6a0c9fc7\" data-id=\"6a0c9fc7\" data-element_type=\"column\">\n\t\t\t<div class=\"elementor-widget-wrap elementor-element-populated\">\n\t\t\t\t\t\t<div class=\"elementor-element elementor-element-1987cac0 elementor-align-center elementor-widget elementor-widget-button\" data-id=\"1987cac0\" data-element_type=\"widget\" data-widget_type=\"button.default\">\n\t\t\t\t<div class=\"elementor-widget-container\">\n\t\t\t\t\t\t\t\t\t<div class=\"elementor-button-wrapper\">\n\t\t\t\t\t<a class=\"elementor-button elementor-button-link elementor-size-sm\" href=\"https:\/\/foliesenbaie.fr\/index.php\/programmation-2026-2\/\">\n\t\t\t\t\t\t<span class=\"elementor-button-content-wrapper\">\n\t\t\t\t\t\t\t\t\t<span class=\"elementor-button-text\">REVENIR A LA LISTE<\/span>\n\t\t\t\t\t<\/span>\n\t\t\t\t\t<\/a>\n\t\t\t\t<\/div>\n\t\t\t\t\t\t\t\t<\/div>\n\t\t\t\t<\/div>\n\t\t\t\t\t<\/div>\n\t\t<\/div>\n\t\t\t\t\t<\/div>\n\t\t<\/section>\n\t\t\t\t<\/div>\n\t\t","protected":false},"excerpt":{"rendered":"<p>LES INNOCENTS VENDREDI 31 JUILLET POP FRANCAIS &#8211; SCENE LA BARGE &#8211; 19:45 \u00e0 21:00 Figure majeure de la pop fran\u00e7aise des ann\u00e9es 80 et 90, Les Innocents ont marqu\u00e9 durablement le paysage musical par l\u2019\u00e9l\u00e9gance de leurs m\u00e9lodies et la finesse de leur \u00e9criture, conciliant exigence artistique et succ\u00e8s populaire. Apr\u00e8s avoir raviv\u00e9 leur [&hellip;]<\/p>\n","protected":false},"author":1,"featured_media":0,"parent":0,"menu_order":0,"comment_status":"closed","ping_status":"closed","template":"","meta":{"om_disable_all_campaigns":false,"_monsterinsights_skip_tracking":false,"_monsterinsights_sitenote_active":false,"_monsterinsights_sitenote_note":"","_monsterinsights_sitenote_category":0,"_uf_show_specific_survey":0,"_uf_disable_surveys":false,"ocean_post_layout":"","ocean_both_sidebars_style":"","ocean_both_sidebars_content_width":0,"ocean_both_sidebars_sidebars_width":0,"ocean_sidebar":"","ocean_second_sidebar":"","ocean_disable_margins":"enable","ocean_add_body_class":"","ocean_shortcode_before_top_bar":"","ocean_shortcode_after_top_bar":"","ocean_shortcode_before_header":"","ocean_shortcode_after_header":"","ocean_has_shortcode":"","ocean_shortcode_after_title":"","ocean_shortcode_before_footer_widgets":"","ocean_shortcode_after_footer_widgets":"","ocean_shortcode_before_footer_bottom":"","ocean_shortcode_after_footer_bottom":"","ocean_display_top_bar":"default","ocean_display_header":"default","ocean_header_style":"","ocean_center_header_left_menu":"","ocean_custom_header_template":"","ocean_custom_logo":0,"ocean_custom_retina_logo":0,"ocean_custom_logo_max_width":0,"ocean_custom_logo_tablet_max_width":0,"ocean_custom_logo_mobile_max_width":0,"ocean_custom_logo_max_height":0,"ocean_custom_logo_tablet_max_height":0,"ocean_custom_logo_mobile_max_height":0,"ocean_header_custom_menu":"","ocean_menu_typo_font_family":"","ocean_menu_typo_font_subset":"","ocean_menu_typo_font_size":0,"ocean_menu_typo_font_size_tablet":0,"ocean_menu_typo_font_size_mobile":0,"ocean_menu_typo_font_size_unit":"px","ocean_menu_typo_font_weight":"","ocean_menu_typo_font_weight_tablet":"","ocean_menu_typo_font_weight_mobile":"","ocean_menu_typo_transform":"","ocean_menu_typo_transform_tablet":"","ocean_menu_typo_transform_mobile":"","ocean_menu_typo_line_height":0,"ocean_menu_typo_line_height_tablet":0,"ocean_menu_typo_line_height_mobile":0,"ocean_menu_typo_line_height_unit":"","ocean_menu_typo_spacing":0,"ocean_menu_typo_spacing_tablet":0,"ocean_menu_typo_spacing_mobile":0,"ocean_menu_typo_spacing_unit":"","ocean_menu_link_color":"","ocean_menu_link_color_hover":"","ocean_menu_link_color_active":"","ocean_menu_link_background":"","ocean_menu_link_hover_background":"","ocean_menu_link_active_background":"","ocean_menu_social_links_bg":"","ocean_menu_social_hover_links_bg":"","ocean_menu_social_links_color":"","ocean_menu_social_hover_links_color":"","ocean_disable_title":"default","ocean_disable_heading":"default","ocean_post_title":"","ocean_post_subheading":"","ocean_post_title_style":"","ocean_post_title_background_color":"","ocean_post_title_background":0,"ocean_post_title_bg_image_position":"","ocean_post_title_bg_image_attachment":"","ocean_post_title_bg_image_repeat":"","ocean_post_title_bg_image_size":"","ocean_post_title_height":0,"ocean_post_title_bg_overlay":0.5,"ocean_post_title_bg_overlay_color":"","ocean_disable_breadcrumbs":"default","ocean_breadcrumbs_color":"","ocean_breadcrumbs_separator_color":"","ocean_breadcrumbs_links_color":"","ocean_breadcrumbs_links_hover_color":"","ocean_display_footer_widgets":"default","ocean_display_footer_bottom":"default","ocean_custom_footer_template":"","footnotes":""},"class_list":["post-3460","page","type-page","status-publish","hentry","entry","owp-thumbs-layout-horizontal","owp-btn-normal","owp-tabs-layout-horizontal","has-no-thumbnails","has-product-nav"],"yoast_head":"<!-- This site is optimized with the Yoast SEO plugin v26.4 - https:\/\/yoast.com\/wordpress\/plugins\/seo\/ -->\n<title>LES INNOCENTS - FESTIVAL FOLIES EN BAIE<\/title>\n<meta name=\"robots\" content=\"index, follow, max-snippet:-1, max-image-preview:large, max-video-preview:-1\" \/>\n<link rel=\"canonical\" href=\"https:\/\/foliesenbaie.fr\/index.php\/les-innocents\/\" \/>\n<meta property=\"og:locale\" content=\"fr_FR\" \/>\n<meta property=\"og:type\" content=\"article\" \/>\n<meta property=\"og:title\" content=\"LES INNOCENTS - FESTIVAL FOLIES EN BAIE\" \/>\n<meta property=\"og:description\" content=\"LES INNOCENTS VENDREDI 31 JUILLET POP FRANCAIS &#8211; SCENE LA BARGE &#8211; 19:45 \u00e0 21:00 Figure majeure de la pop fran\u00e7aise des ann\u00e9es 80 et 90, Les Innocents ont marqu\u00e9 durablement le paysage musical par l\u2019\u00e9l\u00e9gance de leurs m\u00e9lodies et la finesse de leur \u00e9criture, conciliant exigence artistique et succ\u00e8s populaire. Apr\u00e8s avoir raviv\u00e9 leur [&hellip;]\" \/>\n<meta property=\"og:url\" content=\"https:\/\/foliesenbaie.fr\/index.php\/les-innocents\/\" \/>\n<meta property=\"og:site_name\" content=\"FESTIVAL FOLIES EN BAIE\" \/>\n<meta property=\"article:publisher\" content=\"https:\/\/www.facebook.com\/foliesenbaie\/?locale=fr_FR\" \/>\n<meta property=\"article:modified_time\" content=\"2026-04-23T20:35:13+00:00\" \/>\n<meta property=\"og:image\" content=\"https:\/\/foliesenbaie.fr\/wp-content\/uploads\/2026\/01\/2.png\" \/>\n\t<meta property=\"og:image:width\" content=\"1080\" \/>\n\t<meta property=\"og:image:height\" content=\"1080\" \/>\n\t<meta property=\"og:image:type\" content=\"image\/png\" \/>\n<meta name=\"twitter:card\" content=\"summary_large_image\" \/>\n<meta name=\"twitter:label1\" content=\"Dur\u00e9e de lecture estim\u00e9e\" \/>\n\t<meta name=\"twitter:data1\" content=\"1 minute\" \/>\n<script type=\"application\/ld+json\" class=\"yoast-schema-graph\">{\"@context\":\"https:\/\/schema.org\",\"@graph\":[{\"@type\":\"WebPage\",\"@id\":\"https:\/\/foliesenbaie.fr\/index.php\/les-innocents\/\",\"url\":\"https:\/\/foliesenbaie.fr\/index.php\/les-innocents\/\",\"name\":\"LES INNOCENTS - FESTIVAL FOLIES EN BAIE\",\"isPartOf\":{\"@id\":\"https:\/\/foliesenbaie.fr\/#website\"},\"primaryImageOfPage\":{\"@id\":\"https:\/\/foliesenbaie.fr\/index.php\/les-innocents\/#primaryimage\"},\"image\":{\"@id\":\"https:\/\/foliesenbaie.fr\/index.php\/les-innocents\/#primaryimage\"},\"thumbnailUrl\":\"https:\/\/foliesenbaie.fr\/wp-content\/uploads\/2026\/01\/2-300x300.png\",\"datePublished\":\"2026-01-30T20:38:54+00:00\",\"dateModified\":\"2026-04-23T20:35:13+00:00\",\"breadcrumb\":{\"@id\":\"https:\/\/foliesenbaie.fr\/index.php\/les-innocents\/#breadcrumb\"},\"inLanguage\":\"fr-FR\",\"potentialAction\":[{\"@type\":\"ReadAction\",\"target\":[\"https:\/\/foliesenbaie.fr\/index.php\/les-innocents\/\"]}]},{\"@type\":\"ImageObject\",\"inLanguage\":\"fr-FR\",\"@id\":\"https:\/\/foliesenbaie.fr\/index.php\/les-innocents\/#primaryimage\",\"url\":\"https:\/\/foliesenbaie.fr\/wp-content\/uploads\/2026\/01\/2.png\",\"contentUrl\":\"https:\/\/foliesenbaie.fr\/wp-content\/uploads\/2026\/01\/2.png\",\"width\":1080,\"height\":1080},{\"@type\":\"BreadcrumbList\",\"@id\":\"https:\/\/foliesenbaie.fr\/index.php\/les-innocents\/#breadcrumb\",\"itemListElement\":[{\"@type\":\"ListItem\",\"position\":1,\"name\":\"Accueil\",\"item\":\"https:\/\/foliesenbaie.fr\/\"},{\"@type\":\"ListItem\",\"position\":2,\"name\":\"LES INNOCENTS\"}]},{\"@type\":\"WebSite\",\"@id\":\"https:\/\/foliesenbaie.fr\/#website\",\"url\":\"https:\/\/foliesenbaie.fr\/\",\"name\":\"FESTIVAL FOLIES EN BAIE\",\"description\":\"\",\"publisher\":{\"@id\":\"https:\/\/foliesenbaie.fr\/#organization\"},\"potentialAction\":[{\"@type\":\"SearchAction\",\"target\":{\"@type\":\"EntryPoint\",\"urlTemplate\":\"https:\/\/foliesenbaie.fr\/?s={search_term_string}\"},\"query-input\":{\"@type\":\"PropertyValueSpecification\",\"valueRequired\":true,\"valueName\":\"search_term_string\"}}],\"inLanguage\":\"fr-FR\"},{\"@type\":\"Organization\",\"@id\":\"https:\/\/foliesenbaie.fr\/#organization\",\"name\":\"FESTIVAL FOLIES EN BAIE\",\"url\":\"https:\/\/foliesenbaie.fr\/\",\"logo\":{\"@type\":\"ImageObject\",\"inLanguage\":\"fr-FR\",\"@id\":\"https:\/\/foliesenbaie.fr\/#\/schema\/logo\/image\/\",\"url\":\"https:\/\/foliestest.foliesenbaie.fr\/foliesenzacomf22\/wp-content\/uploads\/2023\/05\/logos-37-1.png\",\"contentUrl\":\"https:\/\/foliestest.foliesenbaie.fr\/foliesenzacomf22\/wp-content\/uploads\/2023\/05\/logos-37-1.png\",\"width\":1080,\"height\":1080,\"caption\":\"FESTIVAL FOLIES EN BAIE\"},\"image\":{\"@id\":\"https:\/\/foliesenbaie.fr\/#\/schema\/logo\/image\/\"},\"sameAs\":[\"https:\/\/www.facebook.com\/foliesenbaie\/?locale=fr_FR\",\"https:\/\/www.instagram.com\/foliesenbaie\/\"]}]}<\/script>\n<!-- \/ Yoast SEO plugin. -->","yoast_head_json":{"title":"LES INNOCENTS - FESTIVAL FOLIES EN BAIE","robots":{"index":"index","follow":"follow","max-snippet":"max-snippet:-1","max-image-preview":"max-image-preview:large","max-video-preview":"max-video-preview:-1"},"canonical":"https:\/\/foliesenbaie.fr\/index.php\/les-innocents\/","og_locale":"fr_FR","og_type":"article","og_title":"LES INNOCENTS - FESTIVAL FOLIES EN BAIE","og_description":"LES INNOCENTS VENDREDI 31 JUILLET POP FRANCAIS &#8211; SCENE LA BARGE &#8211; 19:45 \u00e0 21:00 Figure majeure de la pop fran\u00e7aise des ann\u00e9es 80 et 90, Les Innocents ont marqu\u00e9 durablement le paysage musical par l\u2019\u00e9l\u00e9gance de leurs m\u00e9lodies et la finesse de leur \u00e9criture, conciliant exigence artistique et succ\u00e8s populaire. Apr\u00e8s avoir raviv\u00e9 leur [&hellip;]","og_url":"https:\/\/foliesenbaie.fr\/index.php\/les-innocents\/","og_site_name":"FESTIVAL FOLIES EN BAIE","article_publisher":"https:\/\/www.facebook.com\/foliesenbaie\/?locale=fr_FR","article_modified_time":"2026-04-23T20:35:13+00:00","og_image":[{"width":1080,"height":1080,"url":"https:\/\/foliesenbaie.fr\/wp-content\/uploads\/2026\/01\/2.png","type":"image\/png"}],"twitter_card":"summary_large_image","twitter_misc":{"Dur\u00e9e de lecture estim\u00e9e":"1 minute"},"schema":{"@context":"https:\/\/schema.org","@graph":[{"@type":"WebPage","@id":"https:\/\/foliesenbaie.fr\/index.php\/les-innocents\/","url":"https:\/\/foliesenbaie.fr\/index.php\/les-innocents\/","name":"LES INNOCENTS - FESTIVAL FOLIES EN BAIE","isPartOf":{"@id":"https:\/\/foliesenbaie.fr\/#website"},"primaryImageOfPage":{"@id":"https:\/\/foliesenbaie.fr\/index.php\/les-innocents\/#primaryimage"},"image":{"@id":"https:\/\/foliesenbaie.fr\/index.php\/les-innocents\/#primaryimage"},"thumbnailUrl":"https:\/\/foliesenbaie.fr\/wp-content\/uploads\/2026\/01\/2-300x300.png","datePublished":"2026-01-30T20:38:54+00:00","dateModified":"2026-04-23T20:35:13+00:00","breadcrumb":{"@id":"https:\/\/foliesenbaie.fr\/index.php\/les-innocents\/#breadcrumb"},"inLanguage":"fr-FR","potentialAction":[{"@type":"ReadAction","target":["https:\/\/foliesenbaie.fr\/index.php\/les-innocents\/"]}]},{"@type":"ImageObject","inLanguage":"fr-FR","@id":"https:\/\/foliesenbaie.fr\/index.php\/les-innocents\/#primaryimage","url":"https:\/\/foliesenbaie.fr\/wp-content\/uploads\/2026\/01\/2.png","contentUrl":"https:\/\/foliesenbaie.fr\/wp-content\/uploads\/2026\/01\/2.png","width":1080,"height":1080},{"@type":"BreadcrumbList","@id":"https:\/\/foliesenbaie.fr\/index.php\/les-innocents\/#breadcrumb","itemListElement":[{"@type":"ListItem","position":1,"name":"Accueil","item":"https:\/\/foliesenbaie.fr\/"},{"@type":"ListItem","position":2,"name":"LES INNOCENTS"}]},{"@type":"WebSite","@id":"https:\/\/foliesenbaie.fr\/#website","url":"https:\/\/foliesenbaie.fr\/","name":"FESTIVAL FOLIES EN BAIE","description":"","publisher":{"@id":"https:\/\/foliesenbaie.fr\/#organization"},"potentialAction":[{"@type":"SearchAction","target":{"@type":"EntryPoint","urlTemplate":"https:\/\/foliesenbaie.fr\/?s={search_term_string}"},"query-input":{"@type":"PropertyValueSpecification","valueRequired":true,"valueName":"search_term_string"}}],"inLanguage":"fr-FR"},{"@type":"Organization","@id":"https:\/\/foliesenbaie.fr\/#organization","name":"FESTIVAL FOLIES EN BAIE","url":"https:\/\/foliesenbaie.fr\/","logo":{"@type":"ImageObject","inLanguage":"fr-FR","@id":"https:\/\/foliesenbaie.fr\/#\/schema\/logo\/image\/","url":"https:\/\/foliestest.foliesenbaie.fr\/foliesenzacomf22\/wp-content\/uploads\/2023\/05\/logos-37-1.png","contentUrl":"https:\/\/foliestest.foliesenbaie.fr\/foliesenzacomf22\/wp-content\/uploads\/2023\/05\/logos-37-1.png","width":1080,"height":1080,"caption":"FESTIVAL FOLIES EN BAIE"},"image":{"@id":"https:\/\/foliesenbaie.fr\/#\/schema\/logo\/image\/"},"sameAs":["https:\/\/www.facebook.com\/foliesenbaie\/?locale=fr_FR","https:\/\/www.instagram.com\/foliesenbaie\/"]}]}},"_links":{"self":[{"href":"https:\/\/foliesenbaie.fr\/index.php\/wp-json\/wp\/v2\/pages\/3460","targetHints":{"allow":["GET"]}}],"collection":[{"href":"https:\/\/foliesenbaie.fr\/index.php\/wp-json\/wp\/v2\/pages"}],"about":[{"href":"https:\/\/foliesenbaie.fr\/index.php\/wp-json\/wp\/v2\/types\/page"}],"author":[{"embeddable":true,"href":"https:\/\/foliesenbaie.fr\/index.php\/wp-json\/wp\/v2\/users\/1"}],"replies":[{"embeddable":true,"href":"https:\/\/foliesenbaie.fr\/index.php\/wp-json\/wp\/v2\/comments?post=3460"}],"version-history":[{"count":7,"href":"https:\/\/foliesenbaie.fr\/index.php\/wp-json\/wp\/v2\/pages\/3460\/revisions"}],"predecessor-version":[{"id":3769,"href":"https:\/\/foliesenbaie.fr\/index.php\/wp-json\/wp\/v2\/pages\/3460\/revisions\/3769"}],"wp:attachment":[{"href":"https:\/\/foliesenbaie.fr\/index.php\/wp-json\/wp\/v2\/media?parent=3460"}],"curies":[{"name":"wp","href":"https:\/\/api.w.org\/{rel}","templated":true}]}}