{"id":3540,"date":"2026-01-30T21:40:54","date_gmt":"2026-01-30T20:40:54","guid":{"rendered":"https:\/\/foliesenbaie.fr\/?page_id=3540"},"modified":"2026-04-23T23:44:11","modified_gmt":"2026-04-23T21:44:11","slug":"picon-mon-amour","status":"publish","type":"page","link":"https:\/\/foliesenbaie.fr\/index.php\/picon-mon-amour\/","title":{"rendered":"PICON MON AMOUR"},"content":{"rendered":"\t\t<div data-elementor-type=\"wp-page\" data-elementor-id=\"3540\" class=\"elementor elementor-3540\">\n\t\t\t\t\t\t<section class=\"elementor-section elementor-top-section elementor-element elementor-element-20696bea elementor-section-boxed elementor-section-height-default elementor-section-height-default\" data-id=\"20696bea\" data-element_type=\"section\">\n\t\t\t\t\t\t<div class=\"elementor-container elementor-column-gap-default\">\n\t\t\t\t\t<div class=\"elementor-column elementor-col-100 elementor-top-column elementor-element elementor-element-2da296cd\" data-id=\"2da296cd\" data-element_type=\"column\">\n\t\t\t<div class=\"elementor-widget-wrap elementor-element-populated\">\n\t\t\t\t\t\t<div class=\"elementor-element elementor-element-7efd9888 elementor-widget elementor-widget-heading\" data-id=\"7efd9888\" data-element_type=\"widget\" data-widget_type=\"heading.default\">\n\t\t\t\t<div class=\"elementor-widget-container\">\n\t\t\t\t\t<h1 class=\"elementor-heading-title elementor-size-default\">PICON MON AMOUR<\/h1>\t\t\t\t<\/div>\n\t\t\t\t<\/div>\n\t\t\t\t\t<\/div>\n\t\t<\/div>\n\t\t\t\t\t<\/div>\n\t\t<\/section>\n\t\t\t\t<section class=\"elementor-section elementor-top-section elementor-element elementor-element-553306e6 elementor-section-boxed elementor-section-height-default elementor-section-height-default\" data-id=\"553306e6\" data-element_type=\"section\">\n\t\t\t\t\t\t<div class=\"elementor-container elementor-column-gap-default\">\n\t\t\t\t\t<div class=\"elementor-column elementor-col-100 elementor-top-column elementor-element elementor-element-4615282c\" data-id=\"4615282c\" data-element_type=\"column\">\n\t\t\t<div class=\"elementor-widget-wrap elementor-element-populated\">\n\t\t\t\t\t\t<div class=\"elementor-element elementor-element-6a8164d1 elementor-widget elementor-widget-text-editor\" data-id=\"6a8164d1\" data-element_type=\"widget\" data-widget_type=\"text-editor.default\">\n\t\t\t\t<div class=\"elementor-widget-container\">\n\t\t\t\t\t\t\t\t\t<p>DIMANCHE 2 AO\u00dbT\u00a0<\/p>\t\t\t\t\t\t\t\t<\/div>\n\t\t\t\t<\/div>\n\t\t\t\t\t<\/div>\n\t\t<\/div>\n\t\t\t\t\t<\/div>\n\t\t<\/section>\n\t\t\t\t<section class=\"elementor-section elementor-top-section elementor-element elementor-element-422eeb58 elementor-section-boxed elementor-section-height-default elementor-section-height-default\" data-id=\"422eeb58\" data-element_type=\"section\">\n\t\t\t\t\t\t<div class=\"elementor-container elementor-column-gap-default\">\n\t\t\t\t\t<div class=\"elementor-column elementor-col-50 elementor-top-column elementor-element elementor-element-36f264ce\" data-id=\"36f264ce\" data-element_type=\"column\">\n\t\t\t<div class=\"elementor-widget-wrap elementor-element-populated\">\n\t\t\t\t\t\t<div class=\"elementor-element elementor-element-20652822 elementor-widget__width-initial elementor-widget elementor-widget-image\" data-id=\"20652822\" data-element_type=\"widget\" data-widget_type=\"image.default\">\n\t\t\t\t<div class=\"elementor-widget-container\">\n\t\t\t\t\t\t\t\t\t\t\t\t\t\t\t<img fetchpriority=\"high\" decoding=\"async\" width=\"300\" height=\"300\" src=\"https:\/\/foliesenbaie.fr\/wp-content\/uploads\/2026\/01\/10-300x300.png\" class=\"attachment-medium size-medium wp-image-3345\" alt=\"\" srcset=\"https:\/\/foliesenbaie.fr\/wp-content\/uploads\/2026\/01\/10-300x300.png 300w, https:\/\/foliesenbaie.fr\/wp-content\/uploads\/2026\/01\/10-1024x1024.png 1024w, https:\/\/foliesenbaie.fr\/wp-content\/uploads\/2026\/01\/10-150x150.png 150w, https:\/\/foliesenbaie.fr\/wp-content\/uploads\/2026\/01\/10-768x768.png 768w, https:\/\/foliesenbaie.fr\/wp-content\/uploads\/2026\/01\/10-600x600.png 600w, https:\/\/foliesenbaie.fr\/wp-content\/uploads\/2026\/01\/10-100x100.png 100w, https:\/\/foliesenbaie.fr\/wp-content\/uploads\/2026\/01\/10.png 1080w\" sizes=\"(max-width: 300px) 100vw, 300px\" \/>\t\t\t\t\t\t\t\t\t\t\t\t\t\t\t<\/div>\n\t\t\t\t<\/div>\n\t\t\t\t\t<\/div>\n\t\t<\/div>\n\t\t\t\t<div class=\"elementor-column elementor-col-50 elementor-top-column elementor-element elementor-element-4074a4bd\" data-id=\"4074a4bd\" data-element_type=\"column\">\n\t\t\t<div class=\"elementor-widget-wrap elementor-element-populated\">\n\t\t\t\t\t\t<div class=\"elementor-element elementor-element-5c4e2178 elementor-widget__width-auto elementor-widget elementor-widget-text-editor\" data-id=\"5c4e2178\" data-element_type=\"widget\" data-widget_type=\"text-editor.default\">\n\t\t\t\t<div class=\"elementor-widget-container\">\n\t\t\t\t\t\t\t\t\t<p>CHANSON FESTIVE \/ ROCK D\u00c9CAL\u00c9 &#8211; SCENE TRI-HILLION &#8211; 15:45 \u00e0 17:00<\/p>\t\t\t\t\t\t\t\t<\/div>\n\t\t\t\t<\/div>\n\t\t\t\t<div class=\"elementor-element elementor-element-781f9fe7 elementor-widget elementor-widget-text-editor\" data-id=\"781f9fe7\" data-element_type=\"widget\" data-widget_type=\"text-editor.default\">\n\t\t\t\t<div class=\"elementor-widget-container\">\n\t\t\t\t\t\t\t\t\t<p data-start=\"676\" data-end=\"924\">Avec <strong data-start=\"681\" data-end=\"700\">Picon Mon Amour<\/strong>, la f\u00eate commence l\u00e0 o\u00f9 le s\u00e9rieux s\u2019arr\u00eate.<br data-start=\"745\" data-end=\"748\" \/>Chanson festive, rock d\u00e9brid\u00e9 et humour bien senti : le groupe transforme chaque concert en moment de pur l\u00e2cher-prise, o\u00f9 l\u2019on chante, danse et rit sans se poser de questions.<\/p><p data-start=\"926\" data-end=\"1185\">Refrains accrocheurs, \u00e9nergie communicative et ambiance de joyeuse bande de copains : <strong data-start=\"1012\" data-end=\"1031\">Picon Mon Amour<\/strong> promet \u00e0 <strong data-start=\"1041\" data-end=\"1059\">Folies en Baie<\/strong> un concert g\u00e9n\u00e9reux, festif et totalement d\u00e9complex\u00e9.<\/p><p data-start=\"926\" data-end=\"1185\">Un seul conseil : venez comme vous \u00eates\u2026 et repartez en chantant<\/p>\t\t\t\t\t\t\t\t<\/div>\n\t\t\t\t<\/div>\n\t\t\t\t<section class=\"elementor-section elementor-inner-section elementor-element elementor-element-1ec1c668 elementor-section-boxed elementor-section-height-default elementor-section-height-default\" data-id=\"1ec1c668\" data-element_type=\"section\">\n\t\t\t\t\t\t<div class=\"elementor-container elementor-column-gap-default\">\n\t\t\t\t\t<div class=\"elementor-column elementor-col-50 elementor-inner-column elementor-element elementor-element-6e9dd4d0\" data-id=\"6e9dd4d0\" data-element_type=\"column\">\n\t\t\t<div class=\"elementor-widget-wrap elementor-element-populated\">\n\t\t\t\t\t\t<div class=\"elementor-element elementor-element-55136e60 elementor-widget__width-initial elementor-widget elementor-widget-video\" data-id=\"55136e60\" data-element_type=\"widget\" data-settings=\"{&quot;youtube_url&quot;:&quot;https:\\\/\\\/youtu.be\\\/ZP_dE4wDGlA?si=e207IBPNkqLMSkjy&quot;,&quot;video_type&quot;:&quot;youtube&quot;,&quot;controls&quot;:&quot;yes&quot;}\" data-widget_type=\"video.default\">\n\t\t\t\t<div class=\"elementor-widget-container\">\n\t\t\t\t\t\t\t<div class=\"elementor-wrapper elementor-open-inline\">\n\t\t\t<div class=\"elementor-video\"><\/div>\t\t<\/div>\n\t\t\t\t\t\t<\/div>\n\t\t\t\t<\/div>\n\t\t\t\t\t<\/div>\n\t\t<\/div>\n\t\t\t\t<div class=\"elementor-column elementor-col-50 elementor-inner-column elementor-element elementor-element-5058301b\" data-id=\"5058301b\" data-element_type=\"column\">\n\t\t\t<div class=\"elementor-widget-wrap elementor-element-populated\">\n\t\t\t\t\t\t<div class=\"elementor-element elementor-element-71604145 elementor-widget__width-initial elementor-widget elementor-widget-button\" data-id=\"71604145\" data-element_type=\"widget\" data-widget_type=\"button.default\">\n\t\t\t\t<div class=\"elementor-widget-container\">\n\t\t\t\t\t\t\t\t\t<div class=\"elementor-button-wrapper\">\n\t\t\t\t\t<a class=\"elementor-button elementor-button-link elementor-size-sm\" href=\"http:\/\/instagram.com\/piconmonamour\">\n\t\t\t\t\t\t<span class=\"elementor-button-content-wrapper\">\n\t\t\t\t\t\t<span class=\"elementor-button-icon\">\n\t\t\t\t<i aria-hidden=\"true\" class=\"fab fa-instagram\"><\/i>\t\t\t<\/span>\n\t\t\t\t\t\t\t\t<\/span>\n\t\t\t\t\t<\/a>\n\t\t\t\t<\/div>\n\t\t\t\t\t\t\t\t<\/div>\n\t\t\t\t<\/div>\n\t\t\t\t<div class=\"elementor-element elementor-element-3841594f elementor-widget__width-initial elementor-widget elementor-widget-button\" data-id=\"3841594f\" data-element_type=\"widget\" data-widget_type=\"button.default\">\n\t\t\t\t<div class=\"elementor-widget-container\">\n\t\t\t\t\t\t\t\t\t<div class=\"elementor-button-wrapper\">\n\t\t\t\t\t<a class=\"elementor-button elementor-button-link elementor-size-sm\" href=\"http:\/\/facebook.com\/piconmonamour\">\n\t\t\t\t\t\t<span class=\"elementor-button-content-wrapper\">\n\t\t\t\t\t\t<span class=\"elementor-button-icon\">\n\t\t\t\t<i aria-hidden=\"true\" class=\"fab fa-facebook\"><\/i>\t\t\t<\/span>\n\t\t\t\t\t\t\t\t<\/span>\n\t\t\t\t\t<\/a>\n\t\t\t\t<\/div>\n\t\t\t\t\t\t\t\t<\/div>\n\t\t\t\t<\/div>\n\t\t\t\t<div class=\"elementor-element elementor-element-46c00360 elementor-widget__width-initial elementor-widget elementor-widget-button\" data-id=\"46c00360\" data-element_type=\"widget\" data-widget_type=\"button.default\">\n\t\t\t\t<div class=\"elementor-widget-container\">\n\t\t\t\t\t\t\t\t\t<div class=\"elementor-button-wrapper\">\n\t\t\t\t\t<a class=\"elementor-button elementor-button-link elementor-size-sm\" href=\"http:\/\/www.youtube.com\/@PICONMONAMOUR\">\n\t\t\t\t\t\t<span class=\"elementor-button-content-wrapper\">\n\t\t\t\t\t\t<span class=\"elementor-button-icon\">\n\t\t\t\t<i aria-hidden=\"true\" class=\"fab fa-youtube\"><\/i>\t\t\t<\/span>\n\t\t\t\t\t\t\t\t<\/span>\n\t\t\t\t\t<\/a>\n\t\t\t\t<\/div>\n\t\t\t\t\t\t\t\t<\/div>\n\t\t\t\t<\/div>\n\t\t\t\t<div class=\"elementor-element elementor-element-11624707 elementor-widget__width-initial elementor-widget elementor-widget-button\" data-id=\"11624707\" data-element_type=\"widget\" data-widget_type=\"button.default\">\n\t\t\t\t<div class=\"elementor-widget-container\">\n\t\t\t\t\t\t\t\t\t<div class=\"elementor-button-wrapper\">\n\t\t\t\t\t<a class=\"elementor-button elementor-button-link elementor-size-sm\" href=\"https:\/\/www.piconmonamour.com\/\">\n\t\t\t\t\t\t<span class=\"elementor-button-content-wrapper\">\n\t\t\t\t\t\t<span class=\"elementor-button-icon\">\n\t\t\t\t<i aria-hidden=\"true\" class=\"fas fa-laptop\"><\/i>\t\t\t<\/span>\n\t\t\t\t\t\t\t\t<\/span>\n\t\t\t\t\t<\/a>\n\t\t\t\t<\/div>\n\t\t\t\t\t\t\t\t<\/div>\n\t\t\t\t<\/div>\n\t\t\t\t\t<\/div>\n\t\t<\/div>\n\t\t\t\t\t<\/div>\n\t\t<\/section>\n\t\t\t\t\t<\/div>\n\t\t<\/div>\n\t\t\t\t\t<\/div>\n\t\t<\/section>\n\t\t\t\t<section class=\"elementor-section elementor-top-section elementor-element elementor-element-232aed87 elementor-section-boxed elementor-section-height-default elementor-section-height-default\" data-id=\"232aed87\" data-element_type=\"section\">\n\t\t\t\t\t\t<div class=\"elementor-container elementor-column-gap-default\">\n\t\t\t\t\t<div class=\"elementor-column elementor-col-100 elementor-top-column elementor-element elementor-element-565188d9\" data-id=\"565188d9\" data-element_type=\"column\">\n\t\t\t<div class=\"elementor-widget-wrap elementor-element-populated\">\n\t\t\t\t\t\t<div class=\"elementor-element elementor-element-2e896c63 elementor-align-center elementor-widget elementor-widget-button\" data-id=\"2e896c63\" data-element_type=\"widget\" data-widget_type=\"button.default\">\n\t\t\t\t<div class=\"elementor-widget-container\">\n\t\t\t\t\t\t\t\t\t<div class=\"elementor-button-wrapper\">\n\t\t\t\t\t<a class=\"elementor-button elementor-button-link elementor-size-sm\" href=\"https:\/\/foliesenbaie.fr\/index.php\/programmation-2026-2\/\">\n\t\t\t\t\t\t<span class=\"elementor-button-content-wrapper\">\n\t\t\t\t\t\t\t\t\t<span class=\"elementor-button-text\">REVENIR A LA LISTE<\/span>\n\t\t\t\t\t<\/span>\n\t\t\t\t\t<\/a>\n\t\t\t\t<\/div>\n\t\t\t\t\t\t\t\t<\/div>\n\t\t\t\t<\/div>\n\t\t\t\t\t<\/div>\n\t\t<\/div>\n\t\t\t\t\t<\/div>\n\t\t<\/section>\n\t\t\t\t<\/div>\n\t\t","protected":false},"excerpt":{"rendered":"<p>PICON MON AMOUR DIMANCHE 2 AO\u00dbT\u00a0 CHANSON FESTIVE \/ ROCK D\u00c9CAL\u00c9 &#8211; SCENE TRI-HILLION &#8211; 15:45 \u00e0 17:00 Avec Picon Mon Amour, la f\u00eate commence l\u00e0 o\u00f9 le s\u00e9rieux s\u2019arr\u00eate.Chanson festive, rock d\u00e9brid\u00e9 et humour bien senti : le groupe transforme chaque concert en moment de pur l\u00e2cher-prise, o\u00f9 l\u2019on chante, danse et rit sans [&hellip;]<\/p>\n","protected":false},"author":1,"featured_media":0,"parent":0,"menu_order":0,"comment_status":"closed","ping_status":"closed","template":"","meta":{"om_disable_all_campaigns":false,"_monsterinsights_skip_tracking":false,"_monsterinsights_sitenote_active":false,"_monsterinsights_sitenote_note":"","_monsterinsights_sitenote_category":0,"_uf_show_specific_survey":0,"_uf_disable_surveys":false,"ocean_post_layout":"","ocean_both_sidebars_style":"","ocean_both_sidebars_content_width":0,"ocean_both_sidebars_sidebars_width":0,"ocean_sidebar":"","ocean_second_sidebar":"","ocean_disable_margins":"enable","ocean_add_body_class":"","ocean_shortcode_before_top_bar":"","ocean_shortcode_after_top_bar":"","ocean_shortcode_before_header":"","ocean_shortcode_after_header":"","ocean_has_shortcode":"","ocean_shortcode_after_title":"","ocean_shortcode_before_footer_widgets":"","ocean_shortcode_after_footer_widgets":"","ocean_shortcode_before_footer_bottom":"","ocean_shortcode_after_footer_bottom":"","ocean_display_top_bar":"default","ocean_display_header":"default","ocean_header_style":"","ocean_center_header_left_menu":"","ocean_custom_header_template":"","ocean_custom_logo":0,"ocean_custom_retina_logo":0,"ocean_custom_logo_max_width":0,"ocean_custom_logo_tablet_max_width":0,"ocean_custom_logo_mobile_max_width":0,"ocean_custom_logo_max_height":0,"ocean_custom_logo_tablet_max_height":0,"ocean_custom_logo_mobile_max_height":0,"ocean_header_custom_menu":"","ocean_menu_typo_font_family":"","ocean_menu_typo_font_subset":"","ocean_menu_typo_font_size":0,"ocean_menu_typo_font_size_tablet":0,"ocean_menu_typo_font_size_mobile":0,"ocean_menu_typo_font_size_unit":"px","ocean_menu_typo_font_weight":"","ocean_menu_typo_font_weight_tablet":"","ocean_menu_typo_font_weight_mobile":"","ocean_menu_typo_transform":"","ocean_menu_typo_transform_tablet":"","ocean_menu_typo_transform_mobile":"","ocean_menu_typo_line_height":0,"ocean_menu_typo_line_height_tablet":0,"ocean_menu_typo_line_height_mobile":0,"ocean_menu_typo_line_height_unit":"","ocean_menu_typo_spacing":0,"ocean_menu_typo_spacing_tablet":0,"ocean_menu_typo_spacing_mobile":0,"ocean_menu_typo_spacing_unit":"","ocean_menu_link_color":"","ocean_menu_link_color_hover":"","ocean_menu_link_color_active":"","ocean_menu_link_background":"","ocean_menu_link_hover_background":"","ocean_menu_link_active_background":"","ocean_menu_social_links_bg":"","ocean_menu_social_hover_links_bg":"","ocean_menu_social_links_color":"","ocean_menu_social_hover_links_color":"","ocean_disable_title":"default","ocean_disable_heading":"default","ocean_post_title":"","ocean_post_subheading":"","ocean_post_title_style":"","ocean_post_title_background_color":"","ocean_post_title_background":0,"ocean_post_title_bg_image_position":"","ocean_post_title_bg_image_attachment":"","ocean_post_title_bg_image_repeat":"","ocean_post_title_bg_image_size":"","ocean_post_title_height":0,"ocean_post_title_bg_overlay":0.5,"ocean_post_title_bg_overlay_color":"","ocean_disable_breadcrumbs":"default","ocean_breadcrumbs_color":"","ocean_breadcrumbs_separator_color":"","ocean_breadcrumbs_links_color":"","ocean_breadcrumbs_links_hover_color":"","ocean_display_footer_widgets":"default","ocean_display_footer_bottom":"default","ocean_custom_footer_template":"","footnotes":""},"class_list":["post-3540","page","type-page","status-publish","hentry","entry","owp-thumbs-layout-horizontal","owp-btn-normal","owp-tabs-layout-horizontal","has-no-thumbnails","has-product-nav"],"yoast_head":"<!-- This site is optimized with the Yoast SEO plugin v26.4 - https:\/\/yoast.com\/wordpress\/plugins\/seo\/ -->\n<title>PICON MON AMOUR - FESTIVAL FOLIES EN BAIE<\/title>\n<meta name=\"robots\" content=\"index, follow, max-snippet:-1, max-image-preview:large, max-video-preview:-1\" \/>\n<link rel=\"canonical\" href=\"https:\/\/foliesenbaie.fr\/index.php\/picon-mon-amour\/\" \/>\n<meta property=\"og:locale\" content=\"fr_FR\" \/>\n<meta property=\"og:type\" content=\"article\" \/>\n<meta property=\"og:title\" content=\"PICON MON AMOUR - FESTIVAL FOLIES EN BAIE\" \/>\n<meta property=\"og:description\" content=\"PICON MON AMOUR DIMANCHE 2 AO\u00dbT\u00a0 CHANSON FESTIVE \/ ROCK D\u00c9CAL\u00c9 &#8211; SCENE TRI-HILLION &#8211; 15:45 \u00e0 17:00 Avec Picon Mon Amour, la f\u00eate commence l\u00e0 o\u00f9 le s\u00e9rieux s\u2019arr\u00eate.Chanson festive, rock d\u00e9brid\u00e9 et humour bien senti : le groupe transforme chaque concert en moment de pur l\u00e2cher-prise, o\u00f9 l\u2019on chante, danse et rit sans [&hellip;]\" \/>\n<meta property=\"og:url\" content=\"https:\/\/foliesenbaie.fr\/index.php\/picon-mon-amour\/\" \/>\n<meta property=\"og:site_name\" content=\"FESTIVAL FOLIES EN BAIE\" \/>\n<meta property=\"article:publisher\" content=\"https:\/\/www.facebook.com\/foliesenbaie\/?locale=fr_FR\" \/>\n<meta property=\"article:modified_time\" content=\"2026-04-23T21:44:11+00:00\" \/>\n<meta property=\"og:image\" content=\"https:\/\/foliesenbaie.fr\/wp-content\/uploads\/2026\/01\/10.png\" \/>\n\t<meta property=\"og:image:width\" content=\"1080\" \/>\n\t<meta property=\"og:image:height\" content=\"1080\" \/>\n\t<meta property=\"og:image:type\" content=\"image\/png\" \/>\n<meta name=\"twitter:card\" content=\"summary_large_image\" \/>\n<meta name=\"twitter:label1\" content=\"Dur\u00e9e de lecture estim\u00e9e\" \/>\n\t<meta name=\"twitter:data1\" content=\"1 minute\" \/>\n<script type=\"application\/ld+json\" class=\"yoast-schema-graph\">{\"@context\":\"https:\/\/schema.org\",\"@graph\":[{\"@type\":\"WebPage\",\"@id\":\"https:\/\/foliesenbaie.fr\/index.php\/picon-mon-amour\/\",\"url\":\"https:\/\/foliesenbaie.fr\/index.php\/picon-mon-amour\/\",\"name\":\"PICON MON AMOUR - FESTIVAL FOLIES EN BAIE\",\"isPartOf\":{\"@id\":\"https:\/\/foliesenbaie.fr\/#website\"},\"primaryImageOfPage\":{\"@id\":\"https:\/\/foliesenbaie.fr\/index.php\/picon-mon-amour\/#primaryimage\"},\"image\":{\"@id\":\"https:\/\/foliesenbaie.fr\/index.php\/picon-mon-amour\/#primaryimage\"},\"thumbnailUrl\":\"https:\/\/foliesenbaie.fr\/wp-content\/uploads\/2026\/01\/10-300x300.png\",\"datePublished\":\"2026-01-30T20:40:54+00:00\",\"dateModified\":\"2026-04-23T21:44:11+00:00\",\"breadcrumb\":{\"@id\":\"https:\/\/foliesenbaie.fr\/index.php\/picon-mon-amour\/#breadcrumb\"},\"inLanguage\":\"fr-FR\",\"potentialAction\":[{\"@type\":\"ReadAction\",\"target\":[\"https:\/\/foliesenbaie.fr\/index.php\/picon-mon-amour\/\"]}]},{\"@type\":\"ImageObject\",\"inLanguage\":\"fr-FR\",\"@id\":\"https:\/\/foliesenbaie.fr\/index.php\/picon-mon-amour\/#primaryimage\",\"url\":\"https:\/\/foliesenbaie.fr\/wp-content\/uploads\/2026\/01\/10.png\",\"contentUrl\":\"https:\/\/foliesenbaie.fr\/wp-content\/uploads\/2026\/01\/10.png\",\"width\":1080,\"height\":1080},{\"@type\":\"BreadcrumbList\",\"@id\":\"https:\/\/foliesenbaie.fr\/index.php\/picon-mon-amour\/#breadcrumb\",\"itemListElement\":[{\"@type\":\"ListItem\",\"position\":1,\"name\":\"Accueil\",\"item\":\"https:\/\/foliesenbaie.fr\/\"},{\"@type\":\"ListItem\",\"position\":2,\"name\":\"PICON MON AMOUR\"}]},{\"@type\":\"WebSite\",\"@id\":\"https:\/\/foliesenbaie.fr\/#website\",\"url\":\"https:\/\/foliesenbaie.fr\/\",\"name\":\"FESTIVAL FOLIES EN BAIE\",\"description\":\"\",\"publisher\":{\"@id\":\"https:\/\/foliesenbaie.fr\/#organization\"},\"potentialAction\":[{\"@type\":\"SearchAction\",\"target\":{\"@type\":\"EntryPoint\",\"urlTemplate\":\"https:\/\/foliesenbaie.fr\/?s={search_term_string}\"},\"query-input\":{\"@type\":\"PropertyValueSpecification\",\"valueRequired\":true,\"valueName\":\"search_term_string\"}}],\"inLanguage\":\"fr-FR\"},{\"@type\":\"Organization\",\"@id\":\"https:\/\/foliesenbaie.fr\/#organization\",\"name\":\"FESTIVAL FOLIES EN BAIE\",\"url\":\"https:\/\/foliesenbaie.fr\/\",\"logo\":{\"@type\":\"ImageObject\",\"inLanguage\":\"fr-FR\",\"@id\":\"https:\/\/foliesenbaie.fr\/#\/schema\/logo\/image\/\",\"url\":\"https:\/\/foliestest.foliesenbaie.fr\/foliesenzacomf22\/wp-content\/uploads\/2023\/05\/logos-37-1.png\",\"contentUrl\":\"https:\/\/foliestest.foliesenbaie.fr\/foliesenzacomf22\/wp-content\/uploads\/2023\/05\/logos-37-1.png\",\"width\":1080,\"height\":1080,\"caption\":\"FESTIVAL FOLIES EN BAIE\"},\"image\":{\"@id\":\"https:\/\/foliesenbaie.fr\/#\/schema\/logo\/image\/\"},\"sameAs\":[\"https:\/\/www.facebook.com\/foliesenbaie\/?locale=fr_FR\",\"https:\/\/www.instagram.com\/foliesenbaie\/\"]}]}<\/script>\n<!-- \/ Yoast SEO plugin. -->","yoast_head_json":{"title":"PICON MON AMOUR - FESTIVAL FOLIES EN BAIE","robots":{"index":"index","follow":"follow","max-snippet":"max-snippet:-1","max-image-preview":"max-image-preview:large","max-video-preview":"max-video-preview:-1"},"canonical":"https:\/\/foliesenbaie.fr\/index.php\/picon-mon-amour\/","og_locale":"fr_FR","og_type":"article","og_title":"PICON MON AMOUR - FESTIVAL FOLIES EN BAIE","og_description":"PICON MON AMOUR DIMANCHE 2 AO\u00dbT\u00a0 CHANSON FESTIVE \/ ROCK D\u00c9CAL\u00c9 &#8211; SCENE TRI-HILLION &#8211; 15:45 \u00e0 17:00 Avec Picon Mon Amour, la f\u00eate commence l\u00e0 o\u00f9 le s\u00e9rieux s\u2019arr\u00eate.Chanson festive, rock d\u00e9brid\u00e9 et humour bien senti : le groupe transforme chaque concert en moment de pur l\u00e2cher-prise, o\u00f9 l\u2019on chante, danse et rit sans [&hellip;]","og_url":"https:\/\/foliesenbaie.fr\/index.php\/picon-mon-amour\/","og_site_name":"FESTIVAL FOLIES EN BAIE","article_publisher":"https:\/\/www.facebook.com\/foliesenbaie\/?locale=fr_FR","article_modified_time":"2026-04-23T21:44:11+00:00","og_image":[{"width":1080,"height":1080,"url":"https:\/\/foliesenbaie.fr\/wp-content\/uploads\/2026\/01\/10.png","type":"image\/png"}],"twitter_card":"summary_large_image","twitter_misc":{"Dur\u00e9e de lecture estim\u00e9e":"1 minute"},"schema":{"@context":"https:\/\/schema.org","@graph":[{"@type":"WebPage","@id":"https:\/\/foliesenbaie.fr\/index.php\/picon-mon-amour\/","url":"https:\/\/foliesenbaie.fr\/index.php\/picon-mon-amour\/","name":"PICON MON AMOUR - FESTIVAL FOLIES EN BAIE","isPartOf":{"@id":"https:\/\/foliesenbaie.fr\/#website"},"primaryImageOfPage":{"@id":"https:\/\/foliesenbaie.fr\/index.php\/picon-mon-amour\/#primaryimage"},"image":{"@id":"https:\/\/foliesenbaie.fr\/index.php\/picon-mon-amour\/#primaryimage"},"thumbnailUrl":"https:\/\/foliesenbaie.fr\/wp-content\/uploads\/2026\/01\/10-300x300.png","datePublished":"2026-01-30T20:40:54+00:00","dateModified":"2026-04-23T21:44:11+00:00","breadcrumb":{"@id":"https:\/\/foliesenbaie.fr\/index.php\/picon-mon-amour\/#breadcrumb"},"inLanguage":"fr-FR","potentialAction":[{"@type":"ReadAction","target":["https:\/\/foliesenbaie.fr\/index.php\/picon-mon-amour\/"]}]},{"@type":"ImageObject","inLanguage":"fr-FR","@id":"https:\/\/foliesenbaie.fr\/index.php\/picon-mon-amour\/#primaryimage","url":"https:\/\/foliesenbaie.fr\/wp-content\/uploads\/2026\/01\/10.png","contentUrl":"https:\/\/foliesenbaie.fr\/wp-content\/uploads\/2026\/01\/10.png","width":1080,"height":1080},{"@type":"BreadcrumbList","@id":"https:\/\/foliesenbaie.fr\/index.php\/picon-mon-amour\/#breadcrumb","itemListElement":[{"@type":"ListItem","position":1,"name":"Accueil","item":"https:\/\/foliesenbaie.fr\/"},{"@type":"ListItem","position":2,"name":"PICON MON AMOUR"}]},{"@type":"WebSite","@id":"https:\/\/foliesenbaie.fr\/#website","url":"https:\/\/foliesenbaie.fr\/","name":"FESTIVAL FOLIES EN BAIE","description":"","publisher":{"@id":"https:\/\/foliesenbaie.fr\/#organization"},"potentialAction":[{"@type":"SearchAction","target":{"@type":"EntryPoint","urlTemplate":"https:\/\/foliesenbaie.fr\/?s={search_term_string}"},"query-input":{"@type":"PropertyValueSpecification","valueRequired":true,"valueName":"search_term_string"}}],"inLanguage":"fr-FR"},{"@type":"Organization","@id":"https:\/\/foliesenbaie.fr\/#organization","name":"FESTIVAL FOLIES EN BAIE","url":"https:\/\/foliesenbaie.fr\/","logo":{"@type":"ImageObject","inLanguage":"fr-FR","@id":"https:\/\/foliesenbaie.fr\/#\/schema\/logo\/image\/","url":"https:\/\/foliestest.foliesenbaie.fr\/foliesenzacomf22\/wp-content\/uploads\/2023\/05\/logos-37-1.png","contentUrl":"https:\/\/foliestest.foliesenbaie.fr\/foliesenzacomf22\/wp-content\/uploads\/2023\/05\/logos-37-1.png","width":1080,"height":1080,"caption":"FESTIVAL FOLIES EN BAIE"},"image":{"@id":"https:\/\/foliesenbaie.fr\/#\/schema\/logo\/image\/"},"sameAs":["https:\/\/www.facebook.com\/foliesenbaie\/?locale=fr_FR","https:\/\/www.instagram.com\/foliesenbaie\/"]}]}},"_links":{"self":[{"href":"https:\/\/foliesenbaie.fr\/index.php\/wp-json\/wp\/v2\/pages\/3540","targetHints":{"allow":["GET"]}}],"collection":[{"href":"https:\/\/foliesenbaie.fr\/index.php\/wp-json\/wp\/v2\/pages"}],"about":[{"href":"https:\/\/foliesenbaie.fr\/index.php\/wp-json\/wp\/v2\/types\/page"}],"author":[{"embeddable":true,"href":"https:\/\/foliesenbaie.fr\/index.php\/wp-json\/wp\/v2\/users\/1"}],"replies":[{"embeddable":true,"href":"https:\/\/foliesenbaie.fr\/index.php\/wp-json\/wp\/v2\/comments?post=3540"}],"version-history":[{"count":7,"href":"https:\/\/foliesenbaie.fr\/index.php\/wp-json\/wp\/v2\/pages\/3540\/revisions"}],"predecessor-version":[{"id":3819,"href":"https:\/\/foliesenbaie.fr\/index.php\/wp-json\/wp\/v2\/pages\/3540\/revisions\/3819"}],"wp:attachment":[{"href":"https:\/\/foliesenbaie.fr\/index.php\/wp-json\/wp\/v2\/media?parent=3540"}],"curies":[{"name":"wp","href":"https:\/\/api.w.org\/{rel}","templated":true}]}}