{"id":3551,"date":"2026-01-30T21:41:53","date_gmt":"2026-01-30T20:41:53","guid":{"rendered":"https:\/\/foliesenbaie.fr\/?page_id=3551"},"modified":"2026-04-23T23:18:43","modified_gmt":"2026-04-23T21:18:43","slug":"le-grand-fatras","status":"publish","type":"page","link":"https:\/\/foliesenbaie.fr\/index.php\/le-grand-fatras\/","title":{"rendered":"LE GRAND FATRAS"},"content":{"rendered":"\t\t<div data-elementor-type=\"wp-page\" data-elementor-id=\"3551\" class=\"elementor elementor-3551\">\n\t\t\t\t\t\t<section class=\"elementor-section elementor-top-section elementor-element elementor-element-7cdfc56d elementor-section-boxed elementor-section-height-default elementor-section-height-default\" data-id=\"7cdfc56d\" data-element_type=\"section\">\n\t\t\t\t\t\t<div class=\"elementor-container elementor-column-gap-default\">\n\t\t\t\t\t<div class=\"elementor-column elementor-col-100 elementor-top-column elementor-element elementor-element-768034de\" data-id=\"768034de\" data-element_type=\"column\">\n\t\t\t<div class=\"elementor-widget-wrap elementor-element-populated\">\n\t\t\t\t\t\t<div class=\"elementor-element elementor-element-b2d6b elementor-widget elementor-widget-heading\" data-id=\"b2d6b\" data-element_type=\"widget\" data-widget_type=\"heading.default\">\n\t\t\t\t<div class=\"elementor-widget-container\">\n\t\t\t\t\t<h1 class=\"elementor-heading-title elementor-size-default\">LE GRAND FATRAS<\/h1>\t\t\t\t<\/div>\n\t\t\t\t<\/div>\n\t\t\t\t\t<\/div>\n\t\t<\/div>\n\t\t\t\t\t<\/div>\n\t\t<\/section>\n\t\t\t\t<section class=\"elementor-section elementor-top-section elementor-element elementor-element-56ba8450 elementor-section-boxed elementor-section-height-default elementor-section-height-default\" data-id=\"56ba8450\" data-element_type=\"section\">\n\t\t\t\t\t\t<div class=\"elementor-container elementor-column-gap-default\">\n\t\t\t\t\t<div class=\"elementor-column elementor-col-100 elementor-top-column elementor-element elementor-element-1a0cb02c\" data-id=\"1a0cb02c\" data-element_type=\"column\">\n\t\t\t<div class=\"elementor-widget-wrap elementor-element-populated\">\n\t\t\t\t\t\t<div class=\"elementor-element elementor-element-1c99fd3e elementor-widget elementor-widget-text-editor\" data-id=\"1c99fd3e\" data-element_type=\"widget\" data-widget_type=\"text-editor.default\">\n\t\t\t\t<div class=\"elementor-widget-container\">\n\t\t\t\t\t\t\t\t\t<p>SAMEDI 1er AO\u00dbT<\/p>\t\t\t\t\t\t\t\t<\/div>\n\t\t\t\t<\/div>\n\t\t\t\t\t<\/div>\n\t\t<\/div>\n\t\t\t\t\t<\/div>\n\t\t<\/section>\n\t\t\t\t<section class=\"elementor-section elementor-top-section elementor-element elementor-element-1ab1ff45 elementor-section-boxed elementor-section-height-default elementor-section-height-default\" data-id=\"1ab1ff45\" data-element_type=\"section\">\n\t\t\t\t\t\t<div class=\"elementor-container elementor-column-gap-default\">\n\t\t\t\t\t<div class=\"elementor-column elementor-col-50 elementor-top-column elementor-element elementor-element-4e64ef6b\" data-id=\"4e64ef6b\" data-element_type=\"column\">\n\t\t\t<div class=\"elementor-widget-wrap elementor-element-populated\">\n\t\t\t\t\t\t<div class=\"elementor-element elementor-element-6c5f4650 elementor-widget__width-initial elementor-widget elementor-widget-image\" data-id=\"6c5f4650\" data-element_type=\"widget\" data-widget_type=\"image.default\">\n\t\t\t\t<div class=\"elementor-widget-container\">\n\t\t\t\t\t\t\t\t\t\t\t\t\t\t\t<img fetchpriority=\"high\" decoding=\"async\" width=\"300\" height=\"300\" src=\"https:\/\/foliesenbaie.fr\/wp-content\/uploads\/2026\/01\/13-300x300.png\" class=\"attachment-medium size-medium wp-image-3348\" alt=\"\" srcset=\"https:\/\/foliesenbaie.fr\/wp-content\/uploads\/2026\/01\/13-300x300.png 300w, https:\/\/foliesenbaie.fr\/wp-content\/uploads\/2026\/01\/13-1024x1024.png 1024w, https:\/\/foliesenbaie.fr\/wp-content\/uploads\/2026\/01\/13-150x150.png 150w, https:\/\/foliesenbaie.fr\/wp-content\/uploads\/2026\/01\/13-768x768.png 768w, https:\/\/foliesenbaie.fr\/wp-content\/uploads\/2026\/01\/13-600x600.png 600w, https:\/\/foliesenbaie.fr\/wp-content\/uploads\/2026\/01\/13-100x100.png 100w, https:\/\/foliesenbaie.fr\/wp-content\/uploads\/2026\/01\/13.png 1080w\" sizes=\"(max-width: 300px) 100vw, 300px\" \/>\t\t\t\t\t\t\t\t\t\t\t\t\t\t\t<\/div>\n\t\t\t\t<\/div>\n\t\t\t\t\t<\/div>\n\t\t<\/div>\n\t\t\t\t<div class=\"elementor-column elementor-col-50 elementor-top-column elementor-element elementor-element-349c053b\" data-id=\"349c053b\" data-element_type=\"column\">\n\t\t\t<div class=\"elementor-widget-wrap elementor-element-populated\">\n\t\t\t\t\t\t<div class=\"elementor-element elementor-element-22905c71 elementor-widget__width-auto elementor-widget elementor-widget-text-editor\" data-id=\"22905c71\" data-element_type=\"widget\" data-widget_type=\"text-editor.default\">\n\t\t\t\t<div class=\"elementor-widget-container\">\n\t\t\t\t\t\t\t\t\t<p>FANFARE ROCK &#8211; SCENE TRA-HILLION &#8211; 15:00 \u00e0 16:00<\/p>\t\t\t\t\t\t\t\t<\/div>\n\t\t\t\t<\/div>\n\t\t\t\t<div class=\"elementor-element elementor-element-25fbb454 elementor-widget elementor-widget-text-editor\" data-id=\"25fbb454\" data-element_type=\"widget\" data-widget_type=\"text-editor.default\">\n\t\t\t\t<div class=\"elementor-widget-container\">\n\t\t\t\t\t\t\t\t\t<p data-start=\"42\" data-end=\"184\">Avec <strong data-start=\"91\" data-end=\"110\">Le Grand Fatras<\/strong>, la f\u00eate d\u00e9borde, les cuivres chauffent et l\u2019\u00e9nergie devient contagieuse.<\/p><p data-start=\"186\" data-end=\"447\">Fanfare survitamin\u00e9e, esprit rock et joie collective : le groupe transforme chaque concert en joyeux tourbillon o\u00f9 l\u2019on danse, chante et se laisse happer par le mouvement. Ici, \u00e7a souffle fort, \u00e7a transpire la bonne humeur et \u00e7a c\u00e9l\u00e8bre la musique sans retenue.<\/p><p data-start=\"449\" data-end=\"606\" data-is-last-node=\"\" data-is-only-node=\"\">\u00c0 <strong data-start=\"451\" data-end=\"469\">Folies en Baie<\/strong>, <strong data-start=\"471\" data-end=\"490\">Le Grand Fatras<\/strong> promet un moment explosif et g\u00e9n\u00e9reux, \u00e0 vivre debout, le sourire aux l\u00e8vres et les oreilles grandes ouvertes.<\/p>\t\t\t\t\t\t\t\t<\/div>\n\t\t\t\t<\/div>\n\t\t\t\t<section class=\"elementor-section elementor-inner-section elementor-element elementor-element-3d384b48 elementor-section-boxed elementor-section-height-default elementor-section-height-default\" data-id=\"3d384b48\" data-element_type=\"section\">\n\t\t\t\t\t\t<div class=\"elementor-container elementor-column-gap-default\">\n\t\t\t\t\t<div class=\"elementor-column elementor-col-50 elementor-inner-column elementor-element elementor-element-f313baa\" data-id=\"f313baa\" data-element_type=\"column\">\n\t\t\t<div class=\"elementor-widget-wrap elementor-element-populated\">\n\t\t\t\t\t\t<div class=\"elementor-element elementor-element-28d28a04 elementor-widget__width-initial elementor-widget elementor-widget-video\" data-id=\"28d28a04\" data-element_type=\"widget\" data-settings=\"{&quot;youtube_url&quot;:&quot;https:\\\/\\\/youtu.be\\\/qmbVu5fCjT4?si=3QbirIszkXOyl26-&quot;,&quot;video_type&quot;:&quot;youtube&quot;,&quot;controls&quot;:&quot;yes&quot;}\" data-widget_type=\"video.default\">\n\t\t\t\t<div class=\"elementor-widget-container\">\n\t\t\t\t\t\t\t<div class=\"elementor-wrapper elementor-open-inline\">\n\t\t\t<div class=\"elementor-video\"><\/div>\t\t<\/div>\n\t\t\t\t\t\t<\/div>\n\t\t\t\t<\/div>\n\t\t\t\t\t<\/div>\n\t\t<\/div>\n\t\t\t\t<div class=\"elementor-column elementor-col-50 elementor-inner-column elementor-element elementor-element-48e941b8\" data-id=\"48e941b8\" data-element_type=\"column\">\n\t\t\t<div class=\"elementor-widget-wrap elementor-element-populated\">\n\t\t\t\t\t\t<div class=\"elementor-element elementor-element-19c693a0 elementor-widget__width-initial elementor-widget elementor-widget-button\" data-id=\"19c693a0\" data-element_type=\"widget\" data-widget_type=\"button.default\">\n\t\t\t\t<div class=\"elementor-widget-container\">\n\t\t\t\t\t\t\t\t\t<div class=\"elementor-button-wrapper\">\n\t\t\t\t\t<a class=\"elementor-button elementor-button-link elementor-size-sm\" href=\"https:\/\/www.instagram.com\/legrandfatras\/\">\n\t\t\t\t\t\t<span class=\"elementor-button-content-wrapper\">\n\t\t\t\t\t\t<span class=\"elementor-button-icon\">\n\t\t\t\t<i aria-hidden=\"true\" class=\"fab fa-instagram\"><\/i>\t\t\t<\/span>\n\t\t\t\t\t\t\t\t<\/span>\n\t\t\t\t\t<\/a>\n\t\t\t\t<\/div>\n\t\t\t\t\t\t\t\t<\/div>\n\t\t\t\t<\/div>\n\t\t\t\t<div class=\"elementor-element elementor-element-59f86015 elementor-widget__width-initial elementor-widget elementor-widget-button\" data-id=\"59f86015\" data-element_type=\"widget\" data-widget_type=\"button.default\">\n\t\t\t\t<div class=\"elementor-widget-container\">\n\t\t\t\t\t\t\t\t\t<div class=\"elementor-button-wrapper\">\n\t\t\t\t\t<a class=\"elementor-button elementor-button-link elementor-size-sm\" href=\"http:\/\/facebook.com\/le.grand.fatras\">\n\t\t\t\t\t\t<span class=\"elementor-button-content-wrapper\">\n\t\t\t\t\t\t<span class=\"elementor-button-icon\">\n\t\t\t\t<i aria-hidden=\"true\" class=\"fab fa-facebook\"><\/i>\t\t\t<\/span>\n\t\t\t\t\t\t\t\t<\/span>\n\t\t\t\t\t<\/a>\n\t\t\t\t<\/div>\n\t\t\t\t\t\t\t\t<\/div>\n\t\t\t\t<\/div>\n\t\t\t\t<div class=\"elementor-element elementor-element-4d73d137 elementor-widget__width-initial elementor-widget elementor-widget-button\" data-id=\"4d73d137\" data-element_type=\"widget\" data-widget_type=\"button.default\">\n\t\t\t\t<div class=\"elementor-widget-container\">\n\t\t\t\t\t\t\t\t\t<div class=\"elementor-button-wrapper\">\n\t\t\t\t\t<a class=\"elementor-button elementor-button-link elementor-size-sm\" href=\"http:\/\/www.youtube.com\/@LeGrandFatras\">\n\t\t\t\t\t\t<span class=\"elementor-button-content-wrapper\">\n\t\t\t\t\t\t<span class=\"elementor-button-icon\">\n\t\t\t\t<i aria-hidden=\"true\" class=\"fab fa-youtube\"><\/i>\t\t\t<\/span>\n\t\t\t\t\t\t\t\t<\/span>\n\t\t\t\t\t<\/a>\n\t\t\t\t<\/div>\n\t\t\t\t\t\t\t\t<\/div>\n\t\t\t\t<\/div>\n\t\t\t\t\t<\/div>\n\t\t<\/div>\n\t\t\t\t\t<\/div>\n\t\t<\/section>\n\t\t\t\t\t<\/div>\n\t\t<\/div>\n\t\t\t\t\t<\/div>\n\t\t<\/section>\n\t\t\t\t<section class=\"elementor-section elementor-top-section elementor-element elementor-element-5ec27086 elementor-section-boxed elementor-section-height-default elementor-section-height-default\" data-id=\"5ec27086\" data-element_type=\"section\">\n\t\t\t\t\t\t<div class=\"elementor-container elementor-column-gap-default\">\n\t\t\t\t\t<div class=\"elementor-column elementor-col-100 elementor-top-column elementor-element elementor-element-1e12ec7a\" data-id=\"1e12ec7a\" data-element_type=\"column\">\n\t\t\t<div class=\"elementor-widget-wrap elementor-element-populated\">\n\t\t\t\t\t\t<div class=\"elementor-element elementor-element-2639d23 elementor-align-center elementor-widget elementor-widget-button\" data-id=\"2639d23\" data-element_type=\"widget\" data-widget_type=\"button.default\">\n\t\t\t\t<div class=\"elementor-widget-container\">\n\t\t\t\t\t\t\t\t\t<div class=\"elementor-button-wrapper\">\n\t\t\t\t\t<a class=\"elementor-button elementor-button-link elementor-size-sm\" href=\"https:\/\/foliesenbaie.fr\/index.php\/programmation-2026-2\/\">\n\t\t\t\t\t\t<span class=\"elementor-button-content-wrapper\">\n\t\t\t\t\t\t\t\t\t<span class=\"elementor-button-text\">REVENIR A LA LISTE<\/span>\n\t\t\t\t\t<\/span>\n\t\t\t\t\t<\/a>\n\t\t\t\t<\/div>\n\t\t\t\t\t\t\t\t<\/div>\n\t\t\t\t<\/div>\n\t\t\t\t\t<\/div>\n\t\t<\/div>\n\t\t\t\t\t<\/div>\n\t\t<\/section>\n\t\t\t\t<\/div>\n\t\t","protected":false},"excerpt":{"rendered":"<p>LE GRAND FATRAS SAMEDI 1er AO\u00dbT FANFARE ROCK &#8211; SCENE TRA-HILLION &#8211; 15:00 \u00e0 16:00 Avec Le Grand Fatras, la f\u00eate d\u00e9borde, les cuivres chauffent et l\u2019\u00e9nergie devient contagieuse. Fanfare survitamin\u00e9e, esprit rock et joie collective : le groupe transforme chaque concert en joyeux tourbillon o\u00f9 l\u2019on danse, chante et se laisse happer par le [&hellip;]<\/p>\n","protected":false},"author":1,"featured_media":0,"parent":0,"menu_order":0,"comment_status":"closed","ping_status":"closed","template":"","meta":{"om_disable_all_campaigns":false,"_monsterinsights_skip_tracking":false,"_monsterinsights_sitenote_active":false,"_monsterinsights_sitenote_note":"","_monsterinsights_sitenote_category":0,"_uf_show_specific_survey":0,"_uf_disable_surveys":false,"ocean_post_layout":"","ocean_both_sidebars_style":"","ocean_both_sidebars_content_width":0,"ocean_both_sidebars_sidebars_width":0,"ocean_sidebar":"","ocean_second_sidebar":"","ocean_disable_margins":"enable","ocean_add_body_class":"","ocean_shortcode_before_top_bar":"","ocean_shortcode_after_top_bar":"","ocean_shortcode_before_header":"","ocean_shortcode_after_header":"","ocean_has_shortcode":"","ocean_shortcode_after_title":"","ocean_shortcode_before_footer_widgets":"","ocean_shortcode_after_footer_widgets":"","ocean_shortcode_before_footer_bottom":"","ocean_shortcode_after_footer_bottom":"","ocean_display_top_bar":"default","ocean_display_header":"default","ocean_header_style":"","ocean_center_header_left_menu":"","ocean_custom_header_template":"","ocean_custom_logo":0,"ocean_custom_retina_logo":0,"ocean_custom_logo_max_width":0,"ocean_custom_logo_tablet_max_width":0,"ocean_custom_logo_mobile_max_width":0,"ocean_custom_logo_max_height":0,"ocean_custom_logo_tablet_max_height":0,"ocean_custom_logo_mobile_max_height":0,"ocean_header_custom_menu":"","ocean_menu_typo_font_family":"","ocean_menu_typo_font_subset":"","ocean_menu_typo_font_size":0,"ocean_menu_typo_font_size_tablet":0,"ocean_menu_typo_font_size_mobile":0,"ocean_menu_typo_font_size_unit":"px","ocean_menu_typo_font_weight":"","ocean_menu_typo_font_weight_tablet":"","ocean_menu_typo_font_weight_mobile":"","ocean_menu_typo_transform":"","ocean_menu_typo_transform_tablet":"","ocean_menu_typo_transform_mobile":"","ocean_menu_typo_line_height":0,"ocean_menu_typo_line_height_tablet":0,"ocean_menu_typo_line_height_mobile":0,"ocean_menu_typo_line_height_unit":"","ocean_menu_typo_spacing":0,"ocean_menu_typo_spacing_tablet":0,"ocean_menu_typo_spacing_mobile":0,"ocean_menu_typo_spacing_unit":"","ocean_menu_link_color":"","ocean_menu_link_color_hover":"","ocean_menu_link_color_active":"","ocean_menu_link_background":"","ocean_menu_link_hover_background":"","ocean_menu_link_active_background":"","ocean_menu_social_links_bg":"","ocean_menu_social_hover_links_bg":"","ocean_menu_social_links_color":"","ocean_menu_social_hover_links_color":"","ocean_disable_title":"default","ocean_disable_heading":"default","ocean_post_title":"","ocean_post_subheading":"","ocean_post_title_style":"","ocean_post_title_background_color":"","ocean_post_title_background":0,"ocean_post_title_bg_image_position":"","ocean_post_title_bg_image_attachment":"","ocean_post_title_bg_image_repeat":"","ocean_post_title_bg_image_size":"","ocean_post_title_height":0,"ocean_post_title_bg_overlay":0.5,"ocean_post_title_bg_overlay_color":"","ocean_disable_breadcrumbs":"default","ocean_breadcrumbs_color":"","ocean_breadcrumbs_separator_color":"","ocean_breadcrumbs_links_color":"","ocean_breadcrumbs_links_hover_color":"","ocean_display_footer_widgets":"default","ocean_display_footer_bottom":"default","ocean_custom_footer_template":"","footnotes":""},"class_list":["post-3551","page","type-page","status-publish","hentry","entry","owp-thumbs-layout-horizontal","owp-btn-normal","owp-tabs-layout-horizontal","has-no-thumbnails","has-product-nav"],"yoast_head":"<!-- This site is optimized with the Yoast SEO plugin v26.4 - https:\/\/yoast.com\/wordpress\/plugins\/seo\/ -->\n<title>LE GRAND FATRAS - FESTIVAL FOLIES EN BAIE<\/title>\n<meta name=\"robots\" content=\"index, follow, max-snippet:-1, max-image-preview:large, max-video-preview:-1\" \/>\n<link rel=\"canonical\" href=\"https:\/\/foliesenbaie.fr\/index.php\/le-grand-fatras\/\" \/>\n<meta property=\"og:locale\" content=\"fr_FR\" \/>\n<meta property=\"og:type\" content=\"article\" \/>\n<meta property=\"og:title\" content=\"LE GRAND FATRAS - FESTIVAL FOLIES EN BAIE\" \/>\n<meta property=\"og:description\" content=\"LE GRAND FATRAS SAMEDI 1er AO\u00dbT FANFARE ROCK &#8211; SCENE TRA-HILLION &#8211; 15:00 \u00e0 16:00 Avec Le Grand Fatras, la f\u00eate d\u00e9borde, les cuivres chauffent et l\u2019\u00e9nergie devient contagieuse. Fanfare survitamin\u00e9e, esprit rock et joie collective : le groupe transforme chaque concert en joyeux tourbillon o\u00f9 l\u2019on danse, chante et se laisse happer par le [&hellip;]\" \/>\n<meta property=\"og:url\" content=\"https:\/\/foliesenbaie.fr\/index.php\/le-grand-fatras\/\" \/>\n<meta property=\"og:site_name\" content=\"FESTIVAL FOLIES EN BAIE\" \/>\n<meta property=\"article:publisher\" content=\"https:\/\/www.facebook.com\/foliesenbaie\/?locale=fr_FR\" \/>\n<meta property=\"article:modified_time\" content=\"2026-04-23T21:18:43+00:00\" \/>\n<meta property=\"og:image\" content=\"https:\/\/foliesenbaie.fr\/wp-content\/uploads\/2026\/01\/13.png\" \/>\n\t<meta property=\"og:image:width\" content=\"1080\" \/>\n\t<meta property=\"og:image:height\" content=\"1080\" \/>\n\t<meta property=\"og:image:type\" content=\"image\/png\" \/>\n<meta name=\"twitter:card\" content=\"summary_large_image\" \/>\n<meta name=\"twitter:label1\" content=\"Dur\u00e9e de lecture estim\u00e9e\" \/>\n\t<meta name=\"twitter:data1\" content=\"1 minute\" \/>\n<script type=\"application\/ld+json\" class=\"yoast-schema-graph\">{\"@context\":\"https:\/\/schema.org\",\"@graph\":[{\"@type\":\"WebPage\",\"@id\":\"https:\/\/foliesenbaie.fr\/index.php\/le-grand-fatras\/\",\"url\":\"https:\/\/foliesenbaie.fr\/index.php\/le-grand-fatras\/\",\"name\":\"LE GRAND FATRAS - FESTIVAL FOLIES EN BAIE\",\"isPartOf\":{\"@id\":\"https:\/\/foliesenbaie.fr\/#website\"},\"primaryImageOfPage\":{\"@id\":\"https:\/\/foliesenbaie.fr\/index.php\/le-grand-fatras\/#primaryimage\"},\"image\":{\"@id\":\"https:\/\/foliesenbaie.fr\/index.php\/le-grand-fatras\/#primaryimage\"},\"thumbnailUrl\":\"https:\/\/foliesenbaie.fr\/wp-content\/uploads\/2026\/01\/13-300x300.png\",\"datePublished\":\"2026-01-30T20:41:53+00:00\",\"dateModified\":\"2026-04-23T21:18:43+00:00\",\"breadcrumb\":{\"@id\":\"https:\/\/foliesenbaie.fr\/index.php\/le-grand-fatras\/#breadcrumb\"},\"inLanguage\":\"fr-FR\",\"potentialAction\":[{\"@type\":\"ReadAction\",\"target\":[\"https:\/\/foliesenbaie.fr\/index.php\/le-grand-fatras\/\"]}]},{\"@type\":\"ImageObject\",\"inLanguage\":\"fr-FR\",\"@id\":\"https:\/\/foliesenbaie.fr\/index.php\/le-grand-fatras\/#primaryimage\",\"url\":\"https:\/\/foliesenbaie.fr\/wp-content\/uploads\/2026\/01\/13.png\",\"contentUrl\":\"https:\/\/foliesenbaie.fr\/wp-content\/uploads\/2026\/01\/13.png\",\"width\":1080,\"height\":1080},{\"@type\":\"BreadcrumbList\",\"@id\":\"https:\/\/foliesenbaie.fr\/index.php\/le-grand-fatras\/#breadcrumb\",\"itemListElement\":[{\"@type\":\"ListItem\",\"position\":1,\"name\":\"Accueil\",\"item\":\"https:\/\/foliesenbaie.fr\/\"},{\"@type\":\"ListItem\",\"position\":2,\"name\":\"LE GRAND FATRAS\"}]},{\"@type\":\"WebSite\",\"@id\":\"https:\/\/foliesenbaie.fr\/#website\",\"url\":\"https:\/\/foliesenbaie.fr\/\",\"name\":\"FESTIVAL FOLIES EN BAIE\",\"description\":\"\",\"publisher\":{\"@id\":\"https:\/\/foliesenbaie.fr\/#organization\"},\"potentialAction\":[{\"@type\":\"SearchAction\",\"target\":{\"@type\":\"EntryPoint\",\"urlTemplate\":\"https:\/\/foliesenbaie.fr\/?s={search_term_string}\"},\"query-input\":{\"@type\":\"PropertyValueSpecification\",\"valueRequired\":true,\"valueName\":\"search_term_string\"}}],\"inLanguage\":\"fr-FR\"},{\"@type\":\"Organization\",\"@id\":\"https:\/\/foliesenbaie.fr\/#organization\",\"name\":\"FESTIVAL FOLIES EN BAIE\",\"url\":\"https:\/\/foliesenbaie.fr\/\",\"logo\":{\"@type\":\"ImageObject\",\"inLanguage\":\"fr-FR\",\"@id\":\"https:\/\/foliesenbaie.fr\/#\/schema\/logo\/image\/\",\"url\":\"https:\/\/foliestest.foliesenbaie.fr\/foliesenzacomf22\/wp-content\/uploads\/2023\/05\/logos-37-1.png\",\"contentUrl\":\"https:\/\/foliestest.foliesenbaie.fr\/foliesenzacomf22\/wp-content\/uploads\/2023\/05\/logos-37-1.png\",\"width\":1080,\"height\":1080,\"caption\":\"FESTIVAL FOLIES EN BAIE\"},\"image\":{\"@id\":\"https:\/\/foliesenbaie.fr\/#\/schema\/logo\/image\/\"},\"sameAs\":[\"https:\/\/www.facebook.com\/foliesenbaie\/?locale=fr_FR\",\"https:\/\/www.instagram.com\/foliesenbaie\/\"]}]}<\/script>\n<!-- \/ Yoast SEO plugin. -->","yoast_head_json":{"title":"LE GRAND FATRAS - FESTIVAL FOLIES EN BAIE","robots":{"index":"index","follow":"follow","max-snippet":"max-snippet:-1","max-image-preview":"max-image-preview:large","max-video-preview":"max-video-preview:-1"},"canonical":"https:\/\/foliesenbaie.fr\/index.php\/le-grand-fatras\/","og_locale":"fr_FR","og_type":"article","og_title":"LE GRAND FATRAS - FESTIVAL FOLIES EN BAIE","og_description":"LE GRAND FATRAS SAMEDI 1er AO\u00dbT FANFARE ROCK &#8211; SCENE TRA-HILLION &#8211; 15:00 \u00e0 16:00 Avec Le Grand Fatras, la f\u00eate d\u00e9borde, les cuivres chauffent et l\u2019\u00e9nergie devient contagieuse. Fanfare survitamin\u00e9e, esprit rock et joie collective : le groupe transforme chaque concert en joyeux tourbillon o\u00f9 l\u2019on danse, chante et se laisse happer par le [&hellip;]","og_url":"https:\/\/foliesenbaie.fr\/index.php\/le-grand-fatras\/","og_site_name":"FESTIVAL FOLIES EN BAIE","article_publisher":"https:\/\/www.facebook.com\/foliesenbaie\/?locale=fr_FR","article_modified_time":"2026-04-23T21:18:43+00:00","og_image":[{"width":1080,"height":1080,"url":"https:\/\/foliesenbaie.fr\/wp-content\/uploads\/2026\/01\/13.png","type":"image\/png"}],"twitter_card":"summary_large_image","twitter_misc":{"Dur\u00e9e de lecture estim\u00e9e":"1 minute"},"schema":{"@context":"https:\/\/schema.org","@graph":[{"@type":"WebPage","@id":"https:\/\/foliesenbaie.fr\/index.php\/le-grand-fatras\/","url":"https:\/\/foliesenbaie.fr\/index.php\/le-grand-fatras\/","name":"LE GRAND FATRAS - FESTIVAL FOLIES EN BAIE","isPartOf":{"@id":"https:\/\/foliesenbaie.fr\/#website"},"primaryImageOfPage":{"@id":"https:\/\/foliesenbaie.fr\/index.php\/le-grand-fatras\/#primaryimage"},"image":{"@id":"https:\/\/foliesenbaie.fr\/index.php\/le-grand-fatras\/#primaryimage"},"thumbnailUrl":"https:\/\/foliesenbaie.fr\/wp-content\/uploads\/2026\/01\/13-300x300.png","datePublished":"2026-01-30T20:41:53+00:00","dateModified":"2026-04-23T21:18:43+00:00","breadcrumb":{"@id":"https:\/\/foliesenbaie.fr\/index.php\/le-grand-fatras\/#breadcrumb"},"inLanguage":"fr-FR","potentialAction":[{"@type":"ReadAction","target":["https:\/\/foliesenbaie.fr\/index.php\/le-grand-fatras\/"]}]},{"@type":"ImageObject","inLanguage":"fr-FR","@id":"https:\/\/foliesenbaie.fr\/index.php\/le-grand-fatras\/#primaryimage","url":"https:\/\/foliesenbaie.fr\/wp-content\/uploads\/2026\/01\/13.png","contentUrl":"https:\/\/foliesenbaie.fr\/wp-content\/uploads\/2026\/01\/13.png","width":1080,"height":1080},{"@type":"BreadcrumbList","@id":"https:\/\/foliesenbaie.fr\/index.php\/le-grand-fatras\/#breadcrumb","itemListElement":[{"@type":"ListItem","position":1,"name":"Accueil","item":"https:\/\/foliesenbaie.fr\/"},{"@type":"ListItem","position":2,"name":"LE GRAND FATRAS"}]},{"@type":"WebSite","@id":"https:\/\/foliesenbaie.fr\/#website","url":"https:\/\/foliesenbaie.fr\/","name":"FESTIVAL FOLIES EN BAIE","description":"","publisher":{"@id":"https:\/\/foliesenbaie.fr\/#organization"},"potentialAction":[{"@type":"SearchAction","target":{"@type":"EntryPoint","urlTemplate":"https:\/\/foliesenbaie.fr\/?s={search_term_string}"},"query-input":{"@type":"PropertyValueSpecification","valueRequired":true,"valueName":"search_term_string"}}],"inLanguage":"fr-FR"},{"@type":"Organization","@id":"https:\/\/foliesenbaie.fr\/#organization","name":"FESTIVAL FOLIES EN BAIE","url":"https:\/\/foliesenbaie.fr\/","logo":{"@type":"ImageObject","inLanguage":"fr-FR","@id":"https:\/\/foliesenbaie.fr\/#\/schema\/logo\/image\/","url":"https:\/\/foliestest.foliesenbaie.fr\/foliesenzacomf22\/wp-content\/uploads\/2023\/05\/logos-37-1.png","contentUrl":"https:\/\/foliestest.foliesenbaie.fr\/foliesenzacomf22\/wp-content\/uploads\/2023\/05\/logos-37-1.png","width":1080,"height":1080,"caption":"FESTIVAL FOLIES EN BAIE"},"image":{"@id":"https:\/\/foliesenbaie.fr\/#\/schema\/logo\/image\/"},"sameAs":["https:\/\/www.facebook.com\/foliesenbaie\/?locale=fr_FR","https:\/\/www.instagram.com\/foliesenbaie\/"]}]}},"_links":{"self":[{"href":"https:\/\/foliesenbaie.fr\/index.php\/wp-json\/wp\/v2\/pages\/3551","targetHints":{"allow":["GET"]}}],"collection":[{"href":"https:\/\/foliesenbaie.fr\/index.php\/wp-json\/wp\/v2\/pages"}],"about":[{"href":"https:\/\/foliesenbaie.fr\/index.php\/wp-json\/wp\/v2\/types\/page"}],"author":[{"embeddable":true,"href":"https:\/\/foliesenbaie.fr\/index.php\/wp-json\/wp\/v2\/users\/1"}],"replies":[{"embeddable":true,"href":"https:\/\/foliesenbaie.fr\/index.php\/wp-json\/wp\/v2\/comments?post=3551"}],"version-history":[{"count":7,"href":"https:\/\/foliesenbaie.fr\/index.php\/wp-json\/wp\/v2\/pages\/3551\/revisions"}],"predecessor-version":[{"id":3787,"href":"https:\/\/foliesenbaie.fr\/index.php\/wp-json\/wp\/v2\/pages\/3551\/revisions\/3787"}],"wp:attachment":[{"href":"https:\/\/foliesenbaie.fr\/index.php\/wp-json\/wp\/v2\/media?parent=3551"}],"curies":[{"name":"wp","href":"https:\/\/api.w.org\/{rel}","templated":true}]}}